{"id":848,"date":"2018-04-25T12:35:40","date_gmt":"2018-04-25T12:35:40","guid":{"rendered":"http:\/\/bfs.itworqs.de\/?page_id=848"},"modified":"2025-10-30T14:32:36","modified_gmt":"2025-10-30T12:32:36","slug":"ligne-strasbourg","status":"publish","type":"page","link":"https:\/\/bfs-linie.de\/fr\/ligne-strasbourg\/","title":{"rendered":"Ligne Strasbourg"},"content":{"rendered":"<p><strong>\u00a0<\/strong><\/p>\n<h4><strong>Stra\u00dfburg &#8211; D\u00e9couverte de la Lenteur<\/strong><\/h4>\n<p>Malheureusement, nous ne proposons pas de voyage \u00e0 Strasbourg en 2026.<\/p>\n<p>&nbsp;<\/p>\n<p><!--\n\n\n<h2>En bateau \u00e0 Strasbourg<\/h2>\n\n\n<iframe loading=\"lazy\" id=\"unserIframe\" class=\"rundfahrt\" src=\"https:\/\/tempbfs.netcontrol.de\/startseite.aspx?lang=fr\" width=\"300\" height=\"150\"><\/iframe>\n\n\n<div class=\"loadSpinner\">\n\n\n<div class=\"lds-css ng-scope\">\n\n\n<div class=\"lds-flickr\" style=\"width: 100%; height: 100%;\">\n\n\n<div><\/div>\n\n\n\n\n<div><\/div>\n\n\n\n\n<div><\/div>\n\n\n<\/div>\n\n\n<\/div>\n\n\n<\/div>\n\n\n<script>\njQuery(document).ready(function($){\n        \/\/ addEventListener support for IE8\n        function bindEvent(element, eventName, eventHandler) {\n            if (element.addEventListener){\n                element.addEventListener(eventName, eventHandler, false);\n            } else if (element.attachEvent) {\n                element.attachEvent('on' + eventName, eventHandler);\n            }\n        }\n        \/\/ Send a message to the child iframe\n        var iframeEl = document.getElementById('unserIframe'),\n            messageButton = document.getElementById('message_button'),\n            resultst = document.getElementById('resultst');\n        \/\/ Send a message to the child iframe\n        var sendMessage = function(msg) {\n            \/\/ Make sure you are sending a string, and to stringify JSON\n            iframeEl.contentWindow.postMessage(msg, '*');\n        };\n        \/\/ Send random messge data on every button click\n        \/\/bindEvent(messageButton, 'click', function (e) {\n         window.onload = function() {\n          sendMessage('Strassburg_fr');\n        };\n        \/\/ Listen to message from child window\n        bindEvent(window, 'message', function (e) {\n            if(e.data == 'clicked_fr'){\n               $(\"#unserIframe\").delay(1000).animate({opacity: 1}, 1000);      \n               $(\".loadSpinner\").delay(1000).animate({opacity: 0}, 1000).fadeOut();      \n             }\n            if(e.data == 'showOverlay'){\n                $(\".iframe_overlay\").fadeIn();\n                $(\"#unserIframe\").addClass(\"fixedFrameOpen\");\n                $(\"body\").addClass(\"frameOpen\");\n                $(\"#primary\").addClass(\"addHeight\");\n             }\n             if(e.data == 'hideOverlay'){\n               \/\/ location.reload();\n                $(\".iframe_overlay\").fadeOut();\n                $(\"#unserIframe\").removeClass(\"fixedFrameOpen\");\n                $(\"body\").removeClass(\"frameOpen\");\n                $(\"#primary\").removeClass(\"addHeight\");\n             }\n        });\n});\n<\/script>\n<script>\njQuery(document).ready(function($){\nsetInterval(function(){ \nvar Oldheight = ($(\"#main\").height() - 440);\n$('#primary').height(Oldheight);\n}, 100);\n});\n<\/script>\n--><\/p>\n","protected":false},"excerpt":{"rendered":"<p>\u00a0 Stra\u00dfburg &#8211; D\u00e9couverte de la Lenteur Malheureusement, nous ne proposons pas de voyage \u00e0 Strasbourg en 2026. &nbsp;<\/p>\n","protected":false},"author":1,"featured_media":0,"parent":0,"menu_order":0,"comment_status":"closed","ping_status":"closed","template":"","meta":{"footnotes":""},"class_list":["post-848","page","type-page","status-publish","hentry"],"_links":{"self":[{"href":"https:\/\/bfs-linie.de\/fr\/wp-json\/wp\/v2\/pages\/848"}],"collection":[{"href":"https:\/\/bfs-linie.de\/fr\/wp-json\/wp\/v2\/pages"}],"about":[{"href":"https:\/\/bfs-linie.de\/fr\/wp-json\/wp\/v2\/types\/page"}],"author":[{"embeddable":true,"href":"https:\/\/bfs-linie.de\/fr\/wp-json\/wp\/v2\/users\/1"}],"replies":[{"embeddable":true,"href":"https:\/\/bfs-linie.de\/fr\/wp-json\/wp\/v2\/comments?post=848"}],"version-history":[{"count":19,"href":"https:\/\/bfs-linie.de\/fr\/wp-json\/wp\/v2\/pages\/848\/revisions"}],"predecessor-version":[{"id":5186,"href":"https:\/\/bfs-linie.de\/fr\/wp-json\/wp\/v2\/pages\/848\/revisions\/5186"}],"wp:attachment":[{"href":"https:\/\/bfs-linie.de\/fr\/wp-json\/wp\/v2\/media?parent=848"}],"curies":[{"name":"wp","href":"https:\/\/api.w.org\/{rel}","templated":true}]}}