{"id":844,"date":"2018-04-25T12:33:52","date_gmt":"2018-04-25T12:33:52","guid":{"rendered":"http:\/\/bfs.itworqs.de\/?page_id=844"},"modified":"2026-01-29T15:03:13","modified_gmt":"2026-01-29T13:03:13","slug":"croisieres-culinaires-nocturnes","status":"publish","type":"page","link":"https:\/\/bfs-linie.de\/fr\/croisieres-culinaires-nocturnes\/","title":{"rendered":"Croisi\u00e8res culinaires nocturnes"},"content":{"rendered":"<h5 style=\"text-align: center;\"><strong><a href=\"https:\/\/bfs-linie.de\/fr\/croisieres-publiques\/\">R\u00e9servation obligatoire<\/a>.<\/strong><\/h5>\n<p>&nbsp;<\/p>\n<h4>Soir\u00e9e Italienne\u00a0 2026<\/h4>\n<p><strong>Ven. 8. 5. \/ Ven. 4.9. \/ Sam. 31.10. \/ Sam. 5.12.<br \/>\n<\/strong><\/p>\n<p>2h de croisi\u00e8re avec buffet de sp\u00e9cialit\u00e9s Italiennes \u00e0 volont\u00e9 et musique.<\/p>\n<p>D\u00e9part 19h30<br \/>\n<strong>Prix par personne \u20ac 61,00\u00a0 (hors boissons)<\/strong><\/p>\n<h4><\/h4>\n<h4>Sunset Cruise 2026<\/h4>\n<p><strong>Ven.\u00a0 19.6. \/ Ven. 17.7. \/ Jeu. 13.8.<br \/>\n<\/strong><\/p>\n<p>Croisi\u00e8re estivale en soir\u00e9e, d\u00eener inclus, spareribs et diff\u00e9rentes salades au buffet, il y a aussi quelque chose pour les v\u00e9g\u00e9tariens<\/p>\n<p>D\u00e9part 19h30<br \/>\n<strong>Prix par personne \u20ac 49,00\u00a0 (hors boissons)<\/strong><\/p>\n<p>&nbsp;<\/p>\n<h4>Cocktail \u00e0 Bord<\/h4>\n<p><strong>Vendredi 26 June 2026<\/strong><\/p>\n<p>3 heures de croisiere avec le\u00a0 Band Cocktail<br \/>\nBoarding 18h30<br \/>\nD\u00e9part\u00a0 \u00a0 \u00a0 19h30<br \/>\nArriv\u00e9e\u00a0 \u00a0 \u00a022h30<br \/>\n<strong>Prix par personne \u20ac 36,00\u00a0 (hors boissons et repas)<\/strong><\/p>\n<h4><\/h4>\n<h4>F\u00eate de la bi\u00e8re \u00ab\u00a0O&rsquo;zapft is\u00a0\u00bb 2026<\/h4>\n<p><strong>Ven. 25.09. \/ Ven. 2.10.<\/strong><\/p>\n<p>Croisi\u00e8re festive \u00ab\u00a0Oktober Fest\u00a0\u00bb d\u2019une dur\u00e9e de 3 heures, avec musique live et buffet \u00e0 volont\u00e9 de sp\u00e9cialit\u00e9s bavaroises.<\/p>\n<p>Boarding 18h30<br \/>\nD\u00e9part\u00a0 19h00<\/p>\n<p><strong>Prix par personne \u20ac 61,00\u00a0 (hors boissons)<\/strong><\/p>\n<p>&nbsp;<\/p>\n<h4>Soir\u00e9e Fondue 2026<\/h4>\n<p>Octobre\u00a0 : vendredi 30<br \/>\nNovembre : vendredi 6, vendredi 13, jeudi 19, vendredi 20, samedi 28<br \/>\nD\u00e9cembre\u00a0: vendredi 4, samedi 12<\/p>\n<p><strong>\u00a0<\/strong>2h de croisi\u00e8re avec d\u00eener fondue \u00e0 volont\u00e9.<\/p>\n<p>D\u00e9part de Breisach \u00a0\u00a0 18h30<\/p>\n<p>Pr\u00e9s\u00e9lection, pour au moins 2 personnes :<\/p>\n<p><em>Fondue Chinoise<\/em> &#8211; Fondue avec bouillon, viandes, accompagnements et salade compos\u00e9e<\/p>\n<p><em>Fondue savoyarde<\/em> &#8211; Selectionez une de nos differents recettes fromag\u00e8res accompagn\u00e9 d\u00b4une salade compos\u00e9e.<\/p>\n<p><strong>Prix par personne \u20ac 52,00\u00a0 (hors boissons)<\/strong><\/p>\n<p>&nbsp;<\/p>\n<h4>X-Mas Party 2026<\/h4>\n<p><strong>Ven. 27.11.,\u00a0 Ven. 11.12.<\/strong><\/p>\n<p>Croisi\u00e8re incluant diner et animation avec DJ Steffen<\/p>\n<p>BUFFET:<br \/>\nSalades compos\u00e9es<br \/>\n&#8212;<br \/>\nPoitrine de porc brais\u00e9e,<br \/>\nPain de viande au b\u0153uf<br \/>\nSaumon,<br \/>\nPur\u00e9e de pommes de terre,<br \/>\nChou fris\u00e9<br \/>\nP\u00e2tes, l\u00e9gumes-racines<br \/>\n&#8212;<br \/>\nDESSERT (servi)<\/p>\n<p>D\u00e9part 19h30<\/p>\n<p><strong>Prix par personne \u20ac 68,00\u00a0 (hors boissons)<\/strong><\/p>\n<p>&nbsp;<\/p>\n<p>&nbsp;<\/p>\n<p>&nbsp;<\/p>\n<h5><strong>R\u00e9duction de 50% pour les enfants de 3 \u00e0 12 ans.<\/strong><\/h5>\n<p>&nbsp;<\/p>\n<p><!--\n\n\n<h2>D\u00e9couvrez des grand moments culinaires sur le Rhin<\/h2>\n\n\n<iframe loading=\"lazy\" id=\"unserIframe\" class=\"rundfahrt\" src=\"https:\/\/tempbfs.netcontrol.de\/startseite.aspx?lang=fr\" width=\"300\" height=\"150\"><\/iframe>\n\n\n<div class=\"loadSpinner\">\n\n\n<div class=\"lds-css ng-scope\">\n\n\n<div class=\"lds-flickr\" style=\"width: 100%; height: 100%;\">\n\n\n<div><\/div>\n\n\n\n\n<div><\/div>\n\n\n\n\n<div><\/div>\n\n\n<\/div>\n\n\n<\/div>\n\n\n<\/div>\n\n\n<script>\njQuery(document).ready(function($){\n        \/\/ addEventListener support for IE8\n        function bindEvent(element, eventName, eventHandler) {\n            if (element.addEventListener){\n                element.addEventListener(eventName, eventHandler, false);\n            } else if (element.attachEvent) {\n                element.attachEvent('on' + eventName, eventHandler);\n            }\n        }\n        \/\/ Send a message to the child iframe\n        var iframeEl = document.getElementById('unserIframe'),\n            messageButton = document.getElementById('message_button'),\n            resultst = document.getElementById('resultst');\n        \/\/ Send a message to the child iframe\n        var sendMessage = function(msg) {\n            \/\/ Make sure you are sending a string, and to stringify JSON\n            iframeEl.contentWindow.postMessage(msg, '*');\n        };\n        \/\/ Send random messge data on every button click\n        \/\/bindEvent(messageButton, 'click', function (e) {\n         window.onload = function() {\n          sendMessage('Kulinarische_Abendfahrt_fr');\n        };\n        \/\/ Listen to message from child window\n        bindEvent(window, 'message', function (e) {\n            if(e.data == 'clicked_fr'){\n               $(\"#unserIframe\").delay(1000).animate({opacity: 1}, 1000);      \n               $(\".loadSpinner\").delay(1000).animate({opacity: 0}, 1000).fadeOut();      \n             }\n            if(e.data == 'showOverlay'){\n                $(\".iframe_overlay\").fadeIn();\n                $(\"#unserIframe\").addClass(\"fixedFrameOpen\");\n                $(\"body\").addClass(\"frameOpen\");\n                $(\"#primary\").addClass(\"addHeight\");\n             }\n             if(e.data == 'hideOverlay'){\n               \/\/ location.reload();\n                $(\".iframe_overlay\").fadeOut();\n                $(\"#unserIframe\").removeClass(\"fixedFrameOpen\");\n                $(\"body\").removeClass(\"frameOpen\");\n                $(\"#primary\").removeClass(\"addHeight\");\n             }\n        });\n});\n<\/script>\n<script>\njQuery(document).ready(function($){\nsetInterval(function(){ \nvar Oldheight = ($(\"#main\").height() - 440);\n$('#primary').height(Oldheight);\n}, 100);\n});\n<\/script>--><\/p>\n","protected":false},"excerpt":{"rendered":"<p>R\u00e9servation obligatoire. &nbsp; Soir\u00e9e Italienne\u00a0 2026 Ven. 8. 5. \/ Ven. 4.9. \/ Sam. 31.10. \/ Sam. 5.12. 2h de croisi\u00e8re avec buffet de sp\u00e9cialit\u00e9s Italiennes \u00e0 volont\u00e9 et musique. D\u00e9part 19h30 Prix par personne \u20ac 61,00\u00a0 (hors boissons) Sunset Cruise 2026 Ven.\u00a0 19.6. \/ Ven. 17.7. \/ Jeu. 13.8. Croisi\u00e8re estivale en soir\u00e9e, d\u00eener &hellip; <\/p>\n<p class=\"link-more\"><a href=\"https:\/\/bfs-linie.de\/fr\/croisieres-culinaires-nocturnes\/\" class=\"more-link\">Continuer la lecture<span class=\"screen-reader-text\"> de &laquo;&nbsp;Croisi\u00e8res culinaires nocturnes&nbsp;&raquo;<\/span><\/a><\/p>\n","protected":false},"author":1,"featured_media":0,"parent":0,"menu_order":0,"comment_status":"closed","ping_status":"closed","template":"","meta":{"footnotes":""},"class_list":["post-844","page","type-page","status-publish","hentry"],"_links":{"self":[{"href":"https:\/\/bfs-linie.de\/fr\/wp-json\/wp\/v2\/pages\/844"}],"collection":[{"href":"https:\/\/bfs-linie.de\/fr\/wp-json\/wp\/v2\/pages"}],"about":[{"href":"https:\/\/bfs-linie.de\/fr\/wp-json\/wp\/v2\/types\/page"}],"author":[{"embeddable":true,"href":"https:\/\/bfs-linie.de\/fr\/wp-json\/wp\/v2\/users\/1"}],"replies":[{"embeddable":true,"href":"https:\/\/bfs-linie.de\/fr\/wp-json\/wp\/v2\/comments?post=844"}],"version-history":[{"count":47,"href":"https:\/\/bfs-linie.de\/fr\/wp-json\/wp\/v2\/pages\/844\/revisions"}],"predecessor-version":[{"id":1745,"href":"https:\/\/bfs-linie.de\/fr\/wp-json\/wp\/v2\/pages\/844\/revisions\/1745"}],"wp:attachment":[{"href":"https:\/\/bfs-linie.de\/fr\/wp-json\/wp\/v2\/media?parent=844"}],"curies":[{"name":"wp","href":"https:\/\/api.w.org\/{rel}","templated":true}]}}