{"id":841,"date":"2018-04-25T12:33:11","date_gmt":"2018-04-25T12:33:11","guid":{"rendered":"http:\/\/bfs.itworqs.de\/?page_id=841"},"modified":"2026-01-29T15:10:47","modified_gmt":"2026-01-29T13:10:47","slug":"joyeuse-croisiere-sur-le-rhin","status":"publish","type":"page","link":"https:\/\/bfs-linie.de\/fr\/joyeuse-croisiere-sur-le-rhin\/","title":{"rendered":"Joyeuse croisi\u00e8re sur le Rhin"},"content":{"rendered":"<h5 style=\"text-align: center;\"><a href=\"https:\/\/bfs-linie.de\/fr\/croisieres-publiques\/\"><strong>R\u00e9servation obligatoire.<\/strong><\/a><\/h5>\n<h4><\/h4>\n<h4>Croisi\u00e8re musicale avec le trio \u201eSp\u00e4tz\u00fcnder vom Batzenberg\u201c 2026<\/h4>\n<p>4 heures de croisi\u00e8re avec musique live du trio \u201eSp\u00e4tz\u00fcnder vom Batzenberg\u201c et repas buffet (entr\u00e9e &amp; plat).<\/p>\n<p>D\u00e9part 14h30<\/p>\n<p>Samedi 25 avril<br \/>\nVendredi 05 juin<br \/>\nSamedi 18 juillet<br \/>\nSamedi 10 octobre<br \/>\nDimanche 13 d\u00e9cembre<\/p>\n<p><strong>Prix par personne 56,00\u20ac<\/strong><\/p>\n<p>&nbsp;<\/p>\n<h4><strong>NOUVEAU ! <\/strong><strong>\u00a0<\/strong><strong>DIMANCHE TYPIQUE<\/strong><\/h4>\n<p>Croisi\u00e8re de 2 heures pour \u201eSe d\u00e9tendre et profiter\u201c<\/p>\n<p>D\u00e9part de Breisach 15:15 Uhr<\/p>\n<p>Ankunft 17:15 Uhr<\/p>\n<p><strong>Preis \u20ac 19,00 p.P. <\/strong><\/p>\n<p><strong>\u00a0<\/strong>Avril : Dim. 5 \/ Dim. 19 \/ Dim. 26<\/p>\n<p>Mai : Dim. 10 \/ Dim. 17\/ Dim. 24 \/ Dim. 31<\/p>\n<p>Juin : Dim. 7 \/ Dim. 14 \/\u00a0 Dim. 28<\/p>\n<p>Juillet : Dim. 19 \/ Dim. 26<\/p>\n<p>Aout : Dim. 9 \/ Dim. 23<\/p>\n<p>Septembre : Dim. 6 \/ Dim. 20<\/p>\n<p>Octobre : Dim. 4 \/ Dim. 11 \/ Dim. 18<\/p>\n<p><strong>\u00a0<\/strong><strong>Terminez le week-end e<\/strong><strong>n beaut\u00e9, en appr\u00e9ciant un verre de cr\u00e9mant, un morceau de g\u00e2teau accompagn\u00e9 d\u2019un caf\u00e9, ou profitez simplement du trajet.<\/strong><\/p>\n<p>&nbsp;<\/p>\n<h4>\u00ab\u00a0Bayern- Gaudi\u00a0\u00bb 2026<\/h4>\n<p>Samedi 19 Septembre<br \/>\nSamedi 26 septembre<br \/>\nSamedi 3 octobre<\/p>\n<p>4 heures de croisi\u00e8re avec musique.<br \/>\nLe repas du soir au buffet sp\u00e9cialit\u00e9s bavaroises (plats)<br \/>\n<strong>Prix par personne \u20ac 53,00<\/strong><\/p>\n<p><strong>En option avec salade d\u2019entr\u00e9e pour un suppl\u00e9ment de \u20ac6,80 p.p<\/strong><\/p>\n<p>&nbsp;<\/p>\n<p>&nbsp;<\/p>\n<p><!--\n\n\n<h2>Laissez votre \u00e2me se balancer<\/h2>\n\n\n<iframe loading=\"lazy\" id=\"unserIframe\" class=\"rundfahrt\" src=\"https:\/\/tempbfs.netcontrol.de\/startseite.aspx?lang=fr\" width=\"300\" height=\"150\"><\/iframe>\n\n\n<div class=\"loadSpinner\">\n\n\n<div class=\"lds-css ng-scope\">\n\n\n<div class=\"lds-flickr\" style=\"width: 100%; height: 100%;\">\n\n\n<div><\/div>\n\n\n\n\n<div><\/div>\n\n\n\n\n<div><\/div>\n\n\n<\/div>\n\n\n<\/div>\n\n\n<\/div>\n\n\n<script>\njQuery(document).ready(function($){\n        \/\/ addEventListener support for IE8\n        function bindEvent(element, eventName, eventHandler) {\n            if (element.addEventListener){\n                element.addEventListener(eventName, eventHandler, false);\n            } else if (element.attachEvent) {\n                element.attachEvent('on' + eventName, eventHandler);\n            }\n        }\n        \/\/ Send a message to the child iframe\n        var iframeEl = document.getElementById('unserIframe'),\n            messageButton = document.getElementById('message_button'),\n            resultst = document.getElementById('resultst');\n        \/\/ Send a message to the child iframe\n        var sendMessage = function(msg) {\n            \/\/ Make sure you are sending a string, and to stringify JSON\n            iframeEl.contentWindow.postMessage(msg, '*');\n        };\n        \/\/ Send random messge data on every button click\n        \/\/bindEvent(messageButton, 'click', function (e) {\n         window.onload = function() {\n          sendMessage('Froehliche_Rheinfahrten_fr');\n        };\n        \/\/ Listen to message from child window\n        bindEvent(window, 'message', function (e) {\n            if(e.data == 'clicked_fr'){\n               $(\"#unserIframe\").delay(1000).animate({opacity: 1}, 1000);      \n               $(\".loadSpinner\").delay(1000).animate({opacity: 0}, 1000).fadeOut();      \n             }\n            if(e.data == 'showOverlay'){\n                $(\".iframe_overlay\").fadeIn();\n                $(\"#unserIframe\").addClass(\"fixedFrameOpen\");\n                $(\"body\").addClass(\"frameOpen\");\n                $(\"#primary\").addClass(\"addHeight\");\n             }\n             if(e.data == 'hideOverlay'){\n               \/\/ location.reload();\n                $(\".iframe_overlay\").fadeOut();\n                $(\"#unserIframe\").removeClass(\"fixedFrameOpen\");\n                $(\"body\").removeClass(\"frameOpen\");\n                $(\"#primary\").removeClass(\"addHeight\");\n             }\n        });\n});\n<\/script>\n<script>\njQuery(document).ready(function($){\nsetInterval(function(){ \nvar Oldheight = ($(\"#main\").height() - 440);\n$('#primary').height(Oldheight);\n}, 100);\n});\n<\/script>\n--><\/p>\n","protected":false},"excerpt":{"rendered":"<p>R\u00e9servation obligatoire. Croisi\u00e8re musicale avec le trio \u201eSp\u00e4tz\u00fcnder vom Batzenberg\u201c 2026 4 heures de croisi\u00e8re avec musique live du trio \u201eSp\u00e4tz\u00fcnder vom Batzenberg\u201c et repas buffet (entr\u00e9e &amp; plat). D\u00e9part 14h30 Samedi 25 avril Vendredi 05 juin Samedi 18 juillet Samedi 10 octobre Dimanche 13 d\u00e9cembre Prix par personne 56,00\u20ac &nbsp; NOUVEAU ! \u00a0DIMANCHE TYPIQUE &hellip; <\/p>\n<p class=\"link-more\"><a href=\"https:\/\/bfs-linie.de\/fr\/joyeuse-croisiere-sur-le-rhin\/\" class=\"more-link\">Continuer la lecture<span class=\"screen-reader-text\"> de &laquo;&nbsp;Joyeuse croisi\u00e8re sur le Rhin&nbsp;&raquo;<\/span><\/a><\/p>\n","protected":false},"author":1,"featured_media":0,"parent":0,"menu_order":0,"comment_status":"closed","ping_status":"closed","template":"","meta":{"footnotes":""},"class_list":["post-841","page","type-page","status-publish","hentry"],"_links":{"self":[{"href":"https:\/\/bfs-linie.de\/fr\/wp-json\/wp\/v2\/pages\/841"}],"collection":[{"href":"https:\/\/bfs-linie.de\/fr\/wp-json\/wp\/v2\/pages"}],"about":[{"href":"https:\/\/bfs-linie.de\/fr\/wp-json\/wp\/v2\/types\/page"}],"author":[{"embeddable":true,"href":"https:\/\/bfs-linie.de\/fr\/wp-json\/wp\/v2\/users\/1"}],"replies":[{"embeddable":true,"href":"https:\/\/bfs-linie.de\/fr\/wp-json\/wp\/v2\/comments?post=841"}],"version-history":[{"count":38,"href":"https:\/\/bfs-linie.de\/fr\/wp-json\/wp\/v2\/pages\/841\/revisions"}],"predecessor-version":[{"id":5470,"href":"https:\/\/bfs-linie.de\/fr\/wp-json\/wp\/v2\/pages\/841\/revisions\/5470"}],"wp:attachment":[{"href":"https:\/\/bfs-linie.de\/fr\/wp-json\/wp\/v2\/media?parent=841"}],"curies":[{"name":"wp","href":"https:\/\/api.w.org\/{rel}","templated":true}]}}