{"id":638,"date":"2018-04-23T13:14:11","date_gmt":"2018-04-23T13:14:11","guid":{"rendered":"http:\/\/bfs.itworqs.de\/schiff-ahoi-bei-der-breisacher-fahrgast-schiffahrt\/rund-und-schleusenfahrten\/"},"modified":"2026-02-20T12:55:00","modified_gmt":"2026-02-20T10:55:00","slug":"circuits","status":"publish","type":"page","link":"https:\/\/bfs-linie.de\/fr\/circuits\/","title":{"rendered":"Circuits"},"content":{"rendered":"<h2>Les circuits et balades panoramiques<\/h2>\n<p>&nbsp;<\/p>\n<p>Offrez-vous une <strong>croisi\u00e8re ou balade sur le Rhin<\/strong>, <strong>au d\u00e9part de Breisach am Rhein en Allemagne<\/strong>, <strong>proche de Neuf-Brisach<\/strong>. Montez \u00e0 bord de nos <strong>bateaux<\/strong> confortables et profitez d\u2019un moment de d\u00e9tente unique au c\u0153ur d\u2019un paysage naturel pr\u00e9serv\u00e9.<\/p>\n<p>Nos <strong>circuits<\/strong> vous emm\u00e8nent <strong>pendant 2 heures<\/strong> sur le <strong>Vieux-Rhin, le canal lat\u00e9ral du Rhin, port de Breisach et Neuf-Brisach<\/strong>. Selon le parcours, un <a href=\"https:\/\/bfs-linie.de\/fr\/fragen-und-antworten\/\"><strong>passage d\u2019\u00e9cluse<\/strong><\/a>\u00a0peut enrichir l\u2019exp\u00e9rience et rendre la navigation encore plus captivante pour petits et grands.<\/p>\n<h5 style=\"text-align: left;\"><strong>Veuillez noter<\/strong> que les circuits peuvent \u00eatre annul\u00e9s en raison d&rsquo;un nombre insuffisant de participants. La participation minimale est de 30 adultes.<\/h5>\n<h5>NOUS propoSONS \u00e9galement ces circuits POUR LES GROUPES \u00c0 PARTIR DE 40 PERSONNES \u00c0 LA DATE DE VOTRE CHOIX (SAUF AU PRIX SENIOR).<br \/>\nLE GROUPE DOIT \u00caTRE PAY\u00c9 EN UNE SEULE FOIS.<\/h5>\n<h4><\/h4>\n<div id='gallery-1' class='gallery galleryid-638 gallery-columns-5 gallery-size-large'><figure class='gallery-item'>\n\t\t\t<div class='gallery-icon landscape'>\n\t\t\t\t<a href='https:\/\/bfs-linie.de\/wp-content\/uploads\/2026\/02\/WB-Sicht-vom-Schiff-2-scaled.jpg' title=\"\" data-rl_title=\"\" class=\"rl-gallery-link\" data-rl_caption=\"\" data-rel=\"lightbox-gallery-1\"><img loading=\"lazy\" decoding=\"async\" width=\"525\" height=\"394\" src=\"https:\/\/bfs-linie.de\/wp-content\/uploads\/2026\/02\/WB-Sicht-vom-Schiff-2-1024x768.jpg\" class=\"attachment-large size-large\" alt=\"\" srcset=\"https:\/\/bfs-linie.de\/wp-content\/uploads\/2026\/02\/WB-Sicht-vom-Schiff-2-1024x768.jpg 1024w, https:\/\/bfs-linie.de\/wp-content\/uploads\/2026\/02\/WB-Sicht-vom-Schiff-2-300x225.jpg 300w, https:\/\/bfs-linie.de\/wp-content\/uploads\/2026\/02\/WB-Sicht-vom-Schiff-2-768x576.jpg 768w, https:\/\/bfs-linie.de\/wp-content\/uploads\/2026\/02\/WB-Sicht-vom-Schiff-2-1536x1152.jpg 1536w, https:\/\/bfs-linie.de\/wp-content\/uploads\/2026\/02\/WB-Sicht-vom-Schiff-2-2048x1536.jpg 2048w, https:\/\/bfs-linie.de\/wp-content\/uploads\/2026\/02\/WB-Sicht-vom-Schiff-2-350x263.jpg 350w\" sizes=\"100vw\" \/><\/a>\n\t\t\t<\/div><\/figure><figure class='gallery-item'>\n\t\t\t<div class='gallery-icon landscape'>\n\t\t\t\t<a href='https:\/\/bfs-linie.de\/wp-content\/uploads\/2026\/02\/WB-Sicht-vom-Schiff-1-scaled.jpg' title=\"\" data-rl_title=\"\" class=\"rl-gallery-link\" data-rl_caption=\"\" data-rel=\"lightbox-gallery-1\"><img loading=\"lazy\" decoding=\"async\" width=\"525\" height=\"394\" src=\"https:\/\/bfs-linie.de\/wp-content\/uploads\/2026\/02\/WB-Sicht-vom-Schiff-1-1024x768.jpg\" class=\"attachment-large size-large\" alt=\"\" srcset=\"https:\/\/bfs-linie.de\/wp-content\/uploads\/2026\/02\/WB-Sicht-vom-Schiff-1-1024x768.jpg 1024w, https:\/\/bfs-linie.de\/wp-content\/uploads\/2026\/02\/WB-Sicht-vom-Schiff-1-300x225.jpg 300w, https:\/\/bfs-linie.de\/wp-content\/uploads\/2026\/02\/WB-Sicht-vom-Schiff-1-768x576.jpg 768w, https:\/\/bfs-linie.de\/wp-content\/uploads\/2026\/02\/WB-Sicht-vom-Schiff-1-1536x1152.jpg 1536w, https:\/\/bfs-linie.de\/wp-content\/uploads\/2026\/02\/WB-Sicht-vom-Schiff-1-2048x1536.jpg 2048w, https:\/\/bfs-linie.de\/wp-content\/uploads\/2026\/02\/WB-Sicht-vom-Schiff-1-350x263.jpg 350w\" sizes=\"100vw\" \/><\/a>\n\t\t\t<\/div><\/figure><figure class='gallery-item'>\n\t\t\t<div class='gallery-icon portrait'>\n\t\t\t\t<a href='https:\/\/bfs-linie.de\/wp-content\/uploads\/2026\/02\/Typisch-Sonntag.jpg' title=\"\" data-rl_title=\"\" class=\"rl-gallery-link\" data-rl_caption=\"\" data-rel=\"lightbox-gallery-1\"><img loading=\"lazy\" decoding=\"async\" width=\"525\" height=\"777\" src=\"https:\/\/bfs-linie.de\/wp-content\/uploads\/2026\/02\/Typisch-Sonntag-692x1024.jpg\" class=\"attachment-large size-large\" alt=\"\" aria-describedby=\"gallery-1-5554\" srcset=\"https:\/\/bfs-linie.de\/wp-content\/uploads\/2026\/02\/Typisch-Sonntag-692x1024.jpg 692w, https:\/\/bfs-linie.de\/wp-content\/uploads\/2026\/02\/Typisch-Sonntag-203x300.jpg 203w, https:\/\/bfs-linie.de\/wp-content\/uploads\/2026\/02\/Typisch-Sonntag-768x1136.jpg 768w, https:\/\/bfs-linie.de\/wp-content\/uploads\/2026\/02\/Typisch-Sonntag-1038x1536.jpg 1038w, https:\/\/bfs-linie.de\/wp-content\/uploads\/2026\/02\/Typisch-Sonntag-350x518.jpg 350w, https:\/\/bfs-linie.de\/wp-content\/uploads\/2026\/02\/Typisch-Sonntag.jpg 1284w\" sizes=\"100vw\" \/><\/a>\n\t\t\t<\/div>\n\t\t\t\t<figcaption class='wp-caption-text gallery-caption' id='gallery-1-5554'>\n\t\t\t\tTypisch Sonntag\n\t\t\t\t<\/figcaption><\/figure><figure class='gallery-item'>\n\t\t\t<div class='gallery-icon landscape'>\n\t\t\t\t<a href='https:\/\/bfs-linie.de\/wp-content\/uploads\/2026\/02\/Weinland-auf-dem-Rhein.jpg' title=\"\" data-rl_title=\"\" class=\"rl-gallery-link\" data-rl_caption=\"\" data-rel=\"lightbox-gallery-1\"><img loading=\"lazy\" decoding=\"async\" width=\"480\" height=\"360\" src=\"https:\/\/bfs-linie.de\/wp-content\/uploads\/2026\/02\/Weinland-auf-dem-Rhein.jpg\" class=\"attachment-large size-large\" alt=\"\" srcset=\"https:\/\/bfs-linie.de\/wp-content\/uploads\/2026\/02\/Weinland-auf-dem-Rhein.jpg 480w, https:\/\/bfs-linie.de\/wp-content\/uploads\/2026\/02\/Weinland-auf-dem-Rhein-300x225.jpg 300w, https:\/\/bfs-linie.de\/wp-content\/uploads\/2026\/02\/Weinland-auf-dem-Rhein-350x263.jpg 350w\" sizes=\"100vw\" \/><\/a>\n\t\t\t<\/div><\/figure><figure class='gallery-item'>\n\t\t\t<div class='gallery-icon landscape'>\n\t\t\t\t<a href='https:\/\/bfs-linie.de\/wp-content\/uploads\/2026\/02\/IMG_0983-scaled.jpg' title=\"\" data-rl_title=\"\" class=\"rl-gallery-link\" data-rl_caption=\"\" data-rel=\"lightbox-gallery-1\"><img loading=\"lazy\" decoding=\"async\" width=\"525\" height=\"394\" src=\"https:\/\/bfs-linie.de\/wp-content\/uploads\/2026\/02\/IMG_0983-1024x768.jpg\" class=\"attachment-large size-large\" alt=\"\" srcset=\"https:\/\/bfs-linie.de\/wp-content\/uploads\/2026\/02\/IMG_0983-1024x768.jpg 1024w, https:\/\/bfs-linie.de\/wp-content\/uploads\/2026\/02\/IMG_0983-300x225.jpg 300w, https:\/\/bfs-linie.de\/wp-content\/uploads\/2026\/02\/IMG_0983-768x576.jpg 768w, https:\/\/bfs-linie.de\/wp-content\/uploads\/2026\/02\/IMG_0983-1536x1152.jpg 1536w, https:\/\/bfs-linie.de\/wp-content\/uploads\/2026\/02\/IMG_0983-2048x1536.jpg 2048w, https:\/\/bfs-linie.de\/wp-content\/uploads\/2026\/02\/IMG_0983-350x263.jpg 350w\" sizes=\"100vw\" \/><\/a>\n\t\t\t<\/div><\/figure>\n\t\t<\/div>\n\n<h4><\/h4>\n<h4>CIRCUIT PANORAMIQUE 2026<\/h4>\n<p>&nbsp;<\/p>\n<p><strong>Nos d\u00e9parts \u00e0 11h30<\/strong><\/p>\n<p>Mardi au dimanche du 03 \/04 au 30\/09<br \/>\nVendredi au dimanche du 02 au 31\/10<br \/>\nSamedi et dimanche 01\/11 au 20\/12<\/p>\n<p>D\u00e9part : 11h30<br \/>\nArriv\u00e9e : 13h30<\/p>\n<p><strong>Nos d\u00e9parts \u00e0 14h30<\/strong><\/p>\n<p>Mardi, Vendredi et Samedi (Mai, Juin et Septembre)<br \/>\nMardi \u00e0 Samedi (Juillet et Ao\u00fbt)<\/p>\n<p>D\u00e9part :\u00a014h30<br \/>\nArriv\u00e9e : 16h30<\/p>\n<p><strong><span style=\"color: #808080;\">Tarif par personne 19,00\u20ac<\/span><\/strong><br \/>\n<strong><span style=\"color: #808080;\">Tarif par enfant 3-12 ans 9,50\u20ac<\/span><\/strong><br \/>\n<strong><span style=\"color: #808080;\">Tarif senior \u00ab\u00a066plus\u00a0\u00bb mardi \u00e0 vendredi 17,00\u20ac\/pers.<\/span><\/strong><\/p>\n<p>&nbsp;<\/p>\n<h4><strong><span style=\"color: #ff9900;\">NOUVEAU !<\/span> <\/strong><strong>\u00a0<\/strong><strong>DIMANCHE TYPIQUE<\/strong><\/h4>\n<p>Croisi\u00e8re de 2 heures pour \u201eSe d\u00e9tendre et profiter\u201c. Terminez le week-end en beaut\u00e9, en appr\u00e9ciant un verre de cr\u00e9mant, un morceau de g\u00e2teau accompagn\u00e9 d\u2019un caf\u00e9, ou profitez simplement du trajet.<\/p>\n<p>Avril : Dim. 5 \/ Dim. 19 \/ Dim. 26<br \/>\nMai : Dim. 10 \/ Dim. 17\/ Dim. 24 \/ Dim. 31<br \/>\nJuin : Dim. 7 \/ Dim. 14 \/ Dim. 28<br \/>\nJuillet : Dim. 19 \/ Dim. 26<br \/>\nAout : Dim. 9 \/ Dim. 23<br \/>\nSeptembre : Dim. 6 \/ Dim. 20<br \/>\nOctobre : Dim. 4 \/ Dim. 11 \/ Dim. 18<\/p>\n<p>D\u00e9part : 15h15<br \/>\nArriv\u00e9e : 17h15<\/p>\n<p><span style=\"color: #808080;\"><strong>Tarif par personne 19,00\u20ac<\/strong><\/span><br \/>\n<span style=\"color: #808080;\"><strong>Tarif par enfant 3-12 ans 9,50\u20ac<\/strong><\/span><\/p>\n<hr \/>\n<h4>CIRCUIT DANS LE PORT 2026<\/h4>\n<p>Ce circuit de 1 heure est uniquement disponible sur demande sous forme de\u00a0 croisi\u00e8re sp\u00e9ciale, pour des excursions de groupe de 40 participants minimum \u00e0 la date de votre choix.<\/p>\n<p><span style=\"color: #808080;\"><strong>Prix par personne \u20ac 16,00<\/strong><\/span><br \/>\n<span style=\"color: #808080;\"><strong>Prix par enfant 3-12 ans \u20ac 8,00<\/strong><\/span><\/p>\n<hr \/>\n<p>&nbsp;<\/p>\n<p>Le <strong>Circuit panoramique<\/strong> ou notre <strong>croisi\u00e8re \u00ab\u00a0Dimanche typique\u00a0\u00bb<\/strong> sont des <strong>sorties id\u00e9ales pour tous<\/strong>, que vous soyez : une <strong>famille<\/strong> \u00e0 la recherche d\u2019une <strong>activit\u00e9 originale<\/strong>, un <strong>couple<\/strong> souhaitant partager un <strong>moment romantique sur le Rhin<\/strong>, un <strong>groupe d\u2019amis<\/strong> en <strong>sortie conviviale<\/strong>, <strong>une association, un club ou encore une maison de retraite<\/strong> souhaitant organiser une sortie. Ces <strong>croisi\u00e8res sur le Rhin<\/strong> s\u2019adaptent \u00e0 tous les publics.<\/p>\n<p><strong>Un service de restauration est propos\u00e9 \u00e0 bord<\/strong> : boissons, caf\u00e9, sp\u00e9cialit\u00e9s r\u00e9gionales et petite restauration selon l\u2019offre du jour. Installez-vous, savourez, profitez de la vue.<\/p>\n<p>Le <strong>circuit panoramique<\/strong> sur le Rhin est l\u2019activit\u00e9 parfaite pour se d\u00e9tendre, c\u00e9l\u00e9brer un anniversaire, organiser une sortie de groupe ou simplement profiter d\u2019un moment hors du temps.<\/p>\n<p>La <strong>croisi\u00e8re \u00abDimanche typique\u00a0\u00bb<\/strong> est quant \u00e0 elle l\u2019activit\u00e9 parfaite pour terminer le weekend en beaut\u00e9. \u00ab\u00a0Se d\u00e9tendre et profiter\u00a0\u00bb<\/p>\n<p><strong>Pourquoi <a href=\"https:\/\/bfs-linie.de\/fr\/croisieres-publiques\/\">r\u00e9server<\/a> une croisi\u00e8re avec BFS Linie ?<\/strong><\/p>\n<p><strong>\u2714<\/strong><strong> Croisi\u00e8re de 2 heures id\u00e9ale pour une sortie<\/strong><\/p>\n<p><strong>\u2714<\/strong><strong> Sortie en bateau sur le Rhin<\/strong><\/p>\n<p><strong>\u2714<\/strong><strong> Passage d\u2019\u00e9cluse possible<\/strong><\/p>\n<p><strong>\u2714<\/strong><strong> Bateau confortable et accessible \u00e0 tous<\/strong><\/p>\n<p><strong>\u2714 <\/strong><strong>Restauration \u00e0 bord<\/strong><\/p>\n<p><strong>\u2714<\/strong><strong> Adapt\u00e9 aux familles, groupes, seniors, personnes \u00e0 mobilit\u00e9 r\u00e9duite<\/strong><\/p>\n<p><strong>\u2714<\/strong><strong> D\u00e9part de Breisach am Rhein<\/strong><\/p>\n<p><strong>\u2714<\/strong><strong> Id\u00e9e sortie week-end ou activit\u00e9 touristique en Alsace et Bade-Wurtemberg<\/strong><\/p>\n<p><!--\n\n\n<h2>Sur le chemin sur le Altrhein et le Grand Canal d\u2019Alsace<\/h2>\n\n\n<iframe loading=\"lazy\" id=\"unserIframe\" class=\"rundfahrt\" src=\"https:\/\/tempbfs.netcontrol.de\/startseite.aspx?lang=fr\" width=\"300\" height=\"150\"><\/iframe>\n\n\n<div class=\"loadSpinner\">\n\n\n<div class=\"lds-css ng-scope\">\n\n\n<div class=\"lds-flickr\" style=\"width: 100%; height: 100%;\">\n\n\n<div><\/div>\n\n\n\n\n<div><\/div>\n\n\n\n\n<div><\/div>\n\n\n<\/div>\n\n\n<\/div>\n\n\n<\/div>\n\n\n<script>\njQuery(document).ready(function($){\n        \/\/ addEventListener support for IE8\n        function bindEvent(element, eventName, eventHandler) {\n            if (element.addEventListener){\n                element.addEventListener(eventName, eventHandler, false);\n            } else if (element.attachEvent) {\n                element.attachEvent('on' + eventName, eventHandler);\n            }\n        }\n        \/\/ Send a message to the child iframe\n        var iframeEl = document.getElementById('unserIframe'),\n            messageButton = document.getElementById('message_button'),\n            resultst = document.getElementById('resultst');\n        \/\/ Send a message to the child iframe\n        var sendMessage = function(msg) {\n            \/\/ Make sure you are sending a string, and to stringify JSON\n            iframeEl.contentWindow.postMessage(msg, '*');\n        };\n        \/\/ Send random messge data on every button click\n        \/\/bindEvent(messageButton, 'click', function (e) {\n         window.onload = function() {\n          sendMessage('Rundfahrten_fr');\n        };\n        \/\/ Listen to message from child window\n        bindEvent(window, 'message', function (e) {\n            if(e.data == 'clicked_fr'){\n               $(\"#unserIframe\").delay(1000).animate({opacity: 1}, 1000);      \n               $(\".loadSpinner\").delay(1000).animate({opacity: 0}, 1000).fadeOut();      \n             }\n            if(e.data == 'showOverlay'){\n                $(\".iframe_overlay\").fadeIn();\n                $(\"#unserIframe\").addClass(\"fixedFrameOpen\");\n                $(\"body\").addClass(\"frameOpen\");\n                $(\"#primary\").addClass(\"addHeight\");\n             }\n             if(e.data == 'hideOverlay'){\n               \/\/ location.reload();\n                $(\".iframe_overlay\").fadeOut();\n                $(\"#unserIframe\").removeClass(\"fixedFrameOpen\");\n                $(\"body\").removeClass(\"frameOpen\");\n                $(\"#primary\").removeClass(\"addHeight\");\n             }\n        });\n});\n<\/script>\n<script>\njQuery(document).ready(function($){\nsetInterval(function(){ \nvar Oldheight = ($(\"#main\").height() - 440);\n$('#primary').height(Oldheight);\n}, 100);\n});\n<\/script>\n--><\/p>\n","protected":false},"excerpt":{"rendered":"<p>Les circuits et balades panoramiques &nbsp; Offrez-vous une croisi\u00e8re ou balade sur le Rhin, au d\u00e9part de Breisach am Rhein en Allemagne, proche de Neuf-Brisach. Montez \u00e0 bord de nos bateaux confortables et profitez d\u2019un moment de d\u00e9tente unique au c\u0153ur d\u2019un paysage naturel pr\u00e9serv\u00e9. Nos circuits vous emm\u00e8nent pendant 2 heures sur le Vieux-Rhin, &hellip; <\/p>\n<p class=\"link-more\"><a href=\"https:\/\/bfs-linie.de\/fr\/circuits\/\" class=\"more-link\">Continuer la lecture<span class=\"screen-reader-text\"> de &laquo;&nbsp;Circuits&nbsp;&raquo;<\/span><\/a><\/p>\n","protected":false},"author":1,"featured_media":0,"parent":0,"menu_order":0,"comment_status":"closed","ping_status":"closed","template":"","meta":{"footnotes":""},"class_list":["post-638","page","type-page","status-publish","hentry"],"_links":{"self":[{"href":"https:\/\/bfs-linie.de\/fr\/wp-json\/wp\/v2\/pages\/638"}],"collection":[{"href":"https:\/\/bfs-linie.de\/fr\/wp-json\/wp\/v2\/pages"}],"about":[{"href":"https:\/\/bfs-linie.de\/fr\/wp-json\/wp\/v2\/types\/page"}],"author":[{"embeddable":true,"href":"https:\/\/bfs-linie.de\/fr\/wp-json\/wp\/v2\/users\/1"}],"replies":[{"embeddable":true,"href":"https:\/\/bfs-linie.de\/fr\/wp-json\/wp\/v2\/comments?post=638"}],"version-history":[{"count":98,"href":"https:\/\/bfs-linie.de\/fr\/wp-json\/wp\/v2\/pages\/638\/revisions"}],"predecessor-version":[{"id":5563,"href":"https:\/\/bfs-linie.de\/fr\/wp-json\/wp\/v2\/pages\/638\/revisions\/5563"}],"wp:attachment":[{"href":"https:\/\/bfs-linie.de\/fr\/wp-json\/wp\/v2\/media?parent=638"}],"curies":[{"name":"wp","href":"https:\/\/api.w.org\/{rel}","templated":true}]}}