{"id":368,"date":"2018-03-13T14:46:45","date_gmt":"2018-03-13T14:46:45","guid":{"rendered":"http:\/\/bfs.itworqs.de\/?page_id=368"},"modified":"2026-02-12T12:49:27","modified_gmt":"2026-02-12T10:49:27","slug":"schiff-ahoi-bei-der-breisacher-fahrgast-schiffahrt","status":"publish","type":"page","link":"https:\/\/bfs-linie.de\/fr\/","title":{"rendered":"Bienvenue \u00e0 bord | Breisacher Fahrgast-Schiffahrt!"},"content":{"rendered":"<div id=\"pl-368\"  class=\"panel-layout\" ><div id=\"pg-368-0\"  class=\"panel-grid panel-no-style\" ><div id=\"pgc-368-0-0\"  class=\"panel-grid-cell\" ><div id=\"panel-368-0-0-0\" class=\"widget_text so-panel widget widget_custom_html panel-first-child\" data-index=\"0\" ><div class=\"widget_text panel-widget-style panel-widget-style-for-368-0-0-0\" ><div class=\"textwidget custom-html-widget\"><div id=\"xmas\">\n\t<a href=\"\/fr\/bon-cadeaux\/\"><img decoding=\"async\" src=\"\/wp-content\/uploads\/2024\/12\/xmas_fr.png\"><\/a>\n<\/div><\/div><\/div><\/div><div id=\"panel-368-0-0-1\" class=\"so-panel widget widget_sow-editor panel-last-child\" data-index=\"1\" ><div id=\"welcome-row\" class=\"panel-widget-style panel-widget-style-for-368-0-0-1\" ><div\n\t\t\t\n\t\t\tclass=\"so-widget-sow-editor so-widget-sow-editor-base\"\n\t\t\t\n\t\t>\n<div class=\"siteorigin-widget-tinymce textwidget\">\n\t<p>\u00a0Bienvenue \u00e0 bord!<\/p>\n<h2>\u00a0Nos croisi\u00e8res \u00e0 th\u00e8mes en un click<\/h2>\n<\/div>\n<\/div><\/div><\/div><\/div><\/div><div id=\"pg-368-1\"  class=\"panel-grid panel-has-style\" ><div class=\"main-boxes panel-row-style panel-row-style-for-368-1\" ><div id=\"pgc-368-1-0\"  class=\"panel-grid-cell\" ><div id=\"panel-368-1-0-0\" class=\"so-panel widget widget_sow-editor panel-first-child panel-last-child\" data-index=\"2\" ><div class=\"panel-widget-style panel-widget-style-for-368-1-0-0\" ><div\n\t\t\t\n\t\t\tclass=\"so-widget-sow-editor so-widget-sow-editor-base\"\n\t\t\t\n\t\t>\n<div class=\"siteorigin-widget-tinymce textwidget\">\n\t<p><span id=\"MainContent_EventTour1_lblEventContent\">En route sur le Vieux-Rhin, le canal lat\u00e9ral du Rhin<\/span><\/p>\n<h3>Circuits<\/h3>\n<p><a href=\"\/fr\/schiff-ahoi-bei-der-breisacher-fahrgast-schiffahrt\/circuits\/\">en savoir plus<\/a><\/p>\n<\/div>\n<\/div><\/div><\/div><\/div><div id=\"pgc-368-1-1\"  class=\"panel-grid-cell\" ><div id=\"panel-368-1-1-0\" class=\"so-panel widget widget_sow-editor panel-first-child panel-last-child\" data-index=\"3\" ><div class=\"panel-widget-style panel-widget-style-for-368-1-1-0\" ><div\n\t\t\t\n\t\t\tclass=\"so-widget-sow-editor so-widget-sow-editor-base\"\n\t\t\t\n\t\t>\n<div class=\"siteorigin-widget-tinymce textwidget\">\n\t<p><span id=\"MainContent_EventTour1_lblEventContent\">D\u00e9couvrez des grand moments culinaires sur le Rhin<\/span><\/p>\n<h3>Croisi\u00e8res culinaires<\/h3>\n<p><a href=\"\/fr\/schiff-ahoi-bei-der-breisacher-fahrgast-schiffahrt\/croisieres-culinaires\/\">en savoir plus<\/a><\/p>\n<\/div>\n<\/div><\/div><\/div><\/div><\/div><\/div><div id=\"pg-368-2\"  class=\"panel-grid panel-has-style\" ><div class=\"main-boxes panel-row-style panel-row-style-for-368-2\" ><div id=\"pgc-368-2-0\"  class=\"panel-grid-cell\" ><div id=\"panel-368-2-0-0\" class=\"so-panel widget widget_sow-editor panel-first-child panel-last-child\" data-index=\"4\" ><div class=\"panel-widget-style panel-widget-style-for-368-2-0-0\" ><div\n\t\t\t\n\t\t\tclass=\"so-widget-sow-editor so-widget-sow-editor-base\"\n\t\t\t\n\t\t>\n<div class=\"siteorigin-widget-tinymce textwidget\">\n\t<p>D\u00e9couvrez des grand moments culinaires sur le Rhin<\/p>\n<h3>Croisi\u00e8res culinaires nocturnes<\/h3>\n<p><a href=\"\/fr\/schiff-ahoi-bei-der-breisacher-fahrgast-schiffahrt\/croisieres-culinaires-nocturnes\/\">en savoir plus<\/a><\/p>\n<\/div>\n<\/div><\/div><\/div><\/div><div id=\"pgc-368-2-1\"  class=\"panel-grid-cell\" ><div id=\"panel-368-2-1-0\" class=\"so-panel widget widget_sow-editor panel-first-child panel-last-child\" data-index=\"5\" ><div class=\"panel-widget-style panel-widget-style-for-368-2-1-0\" ><div\n\t\t\t\n\t\t\tclass=\"so-widget-sow-editor so-widget-sow-editor-base\"\n\t\t\t\n\t\t>\n<div class=\"siteorigin-widget-tinymce textwidget\">\n\t<p>circuit d\u00e9couverte sur l'eau et sur les rails<\/p>\n<h3>A toute vapeur - Ried-Express<\/h3>\n<p><a href=\"\/fr\/schiff-ahoi-bei-der-breisacher-fahrgast-schiffahrt\/a-toute-vapeur-ried-express\/\">en savoir plus<\/a><\/p>\n<\/div>\n<\/div><\/div><\/div><\/div><div id=\"pgc-368-2-2\"  class=\"panel-grid-cell\" ><div id=\"panel-368-2-2-0\" class=\"so-panel widget widget_sow-editor panel-first-child panel-last-child\" data-index=\"6\" ><div class=\"panel-widget-style panel-widget-style-for-368-2-2-0\" ><div\n\t\t\t\n\t\t\tclass=\"so-widget-sow-editor so-widget-sow-editor-base\"\n\t\t\t\n\t\t>\n<div class=\"siteorigin-widget-tinymce textwidget\">\n\t<p>Laissez votre \u00e2me se balancer<\/p>\n<h3>Joyeuse croisi\u00e8re sur le Rhin<\/h3>\n<p><a href=\"\/fr\/schiff-ahoi-bei-der-breisacher-fahrgast-schiffahrt\/joyeuse-croisiere-sur-le-rhin\/\">en savoir plus<\/a><\/p>\n<\/div>\n<\/div><\/div><\/div><\/div><\/div><\/div><div id=\"pg-368-3\"  class=\"panel-grid panel-has-style\" ><div class=\"main-boxes panel-row-style panel-row-style-for-368-3\" ><div id=\"pgc-368-3-0\"  class=\"panel-grid-cell\" ><div id=\"panel-368-3-0-0\" class=\"so-panel widget widget_sow-editor panel-first-child panel-last-child\" data-index=\"7\" ><div class=\"panel-widget-style panel-widget-style-for-368-3-0-0\" ><div\n\t\t\t\n\t\t\tclass=\"so-widget-sow-editor so-widget-sow-editor-base\"\n\t\t\t\n\t\t>\n<div class=\"siteorigin-widget-tinymce textwidget\">\n\t<p>Menu festif sur le Rhin<\/p>\n<h3>\"Napoleon\"- le regal imp\u00e9rial \/ Croisi\u00e8re menu de f\u00eate<\/h3>\n<p><a href=\"\/fr\/schiff-ahoi-bei-der-breisacher-fahrgast-schiffahrt\/croisiere-menu-de-fete-tour-royale-de-napoleon\/\">en savoir plus<\/a><\/p>\n<\/div>\n<\/div><\/div><\/div><\/div><div id=\"pgc-368-3-1\"  class=\"panel-grid-cell\" ><div id=\"panel-368-3-1-0\" class=\"so-panel widget widget_sow-editor panel-first-child panel-last-child\" data-index=\"8\" ><div class=\"panel-widget-style panel-widget-style-for-368-3-1-0\" ><div\n\t\t\t\n\t\t\tclass=\"so-widget-sow-editor so-widget-sow-editor-base\"\n\t\t\t\n\t\t>\n<div class=\"siteorigin-widget-tinymce textwidget\">\n\t<p>En bateau direction Colmar<\/p>\n<h3>Ligne Colmar<\/h3>\n<p><a href=\"\/fr\/schiff-ahoi-bei-der-breisacher-fahrgast-schiffahrt\/ligne-colmar\/\">en avoir plus<\/a><\/p>\n<\/div>\n<\/div><\/div><\/div><\/div><\/div><\/div><div id=\"pg-368-4\"  class=\"panel-grid panel-has-style\" ><div class=\"main-boxes panel-row-style panel-row-style-for-368-4\" ><div id=\"pgc-368-4-0\"  class=\"panel-grid-cell\" ><div id=\"panel-368-4-0-0\" class=\"so-panel widget widget_sow-editor panel-first-child panel-last-child\" data-index=\"9\" ><div class=\"panel-widget-style panel-widget-style-for-368-4-0-0\" ><div\n\t\t\t\n\t\t\tclass=\"so-widget-sow-editor so-widget-sow-editor-base\"\n\t\t\t\n\t\t>\n<div class=\"siteorigin-widget-tinymce textwidget\">\n\t<p>En bateau direction B\u00e2le<\/p>\n<h3>Ligne B\u00e2le<\/h3>\n<p><a href=\"\/fr\/schiff-ahoi-bei-der-breisacher-fahrgast-schiffahrt\/ligne-bale\/\">en savoir plus<\/a><\/p>\n<\/div>\n<\/div><\/div><\/div><\/div><div id=\"pgc-368-4-1\"  class=\"panel-grid-cell\" ><div id=\"panel-368-4-1-0\" class=\"so-panel widget widget_sow-editor panel-first-child panel-last-child\" data-index=\"10\" ><div class=\"panel-widget-style panel-widget-style-for-368-4-1-0\" ><div\n\t\t\t\n\t\t\tclass=\"so-widget-sow-editor so-widget-sow-editor-base\"\n\t\t\t\n\t\t>\n<div class=\"siteorigin-widget-tinymce textwidget\">\n\t<p>En bateau \u00e0 Strasbourg<\/p>\n<h3>Ligne Strasbourg<\/h3>\n<p><a href=\"\/fr\/schiff-ahoi-bei-der-breisacher-fahrgast-schiffahrt\/ligne-strasbourg\/\">en savoir plus<\/a><\/p>\n<\/div>\n<\/div><\/div><\/div><\/div><div id=\"pgc-368-4-2\"  class=\"panel-grid-cell\" ><div id=\"panel-368-4-2-0\" class=\"so-panel widget widget_sow-editor panel-first-child panel-last-child\" data-index=\"11\" ><div class=\"panel-widget-style panel-widget-style-for-368-4-2-0\" ><div\n\t\t\t\n\t\t\tclass=\"so-widget-sow-editor so-widget-sow-editor-base\"\n\t\t\t\n\t\t>\n<div class=\"siteorigin-widget-tinymce textwidget\">\n\t<p>Un bateau pour votre propre \u00e9v\u00e9nement<\/p>\n<h3>Croisi\u00e8res priv\u00e9es<\/h3>\n<p><a href=\"\/fr\/croisieres-privees\/\">en savoir plus<\/a><\/p>\n<\/div>\n<\/div><\/div><\/div><\/div><\/div><\/div><div id=\"pg-368-5\"  class=\"panel-grid panel-has-style\" ><div class=\"main-boxes panel-row-style panel-row-style-for-368-5\" ><div id=\"pgc-368-5-0\"  class=\"panel-grid-cell\" ><div id=\"panel-368-5-0-0\" class=\"so-panel widget widget_sow-editor panel-first-child panel-last-child\" data-index=\"12\" ><div class=\"panel-widget-style panel-widget-style-for-368-5-0-0\" ><div\n\t\t\t\n\t\t\tclass=\"so-widget-sow-editor so-widget-sow-editor-base\"\n\t\t\t\n\t\t>\n<div class=\"siteorigin-widget-tinymce textwidget\">\n\t<p>Faites plaisir avec<\/p>\n<h3>nos Bon cadeaux<\/h3>\n<p><a href=\"\/fr\/bon-cadeaux\/\">commander maintenant<\/a><\/p>\n<\/div>\n<\/div><\/div><\/div><\/div><div id=\"pgc-368-5-1\"  class=\"panel-grid-cell\" ><div id=\"panel-368-5-1-0\" class=\"so-panel widget widget_sow-editor panel-first-child panel-last-child\" data-index=\"13\" ><div class=\"panel-widget-style panel-widget-style-for-368-5-1-0\" ><div\n\t\t\t\n\t\t\tclass=\"so-widget-sow-editor so-widget-sow-editor-base\"\n\t\t\t\n\t\t>\n<div class=\"siteorigin-widget-tinymce textwidget\">\n\t<p>Entrez dans notre navire<\/p>\n<h3>Panorama \u00e0 360\u00b0<\/h3>\n<p><a href=\"https:\/\/panooverlay.mediensegel.de\/de\/vt\/BFS_Breisach\" target=\"_blank\">en savoir plus<\/a><\/p>\n<\/div>\n<\/div><\/div><\/div><\/div><\/div><\/div><\/div>","protected":false},"excerpt":{"rendered":"<p>\u00a0Bienvenue \u00e0 bord! \u00a0Nos croisi\u00e8res \u00e0 th\u00e8mes en un click En route sur le Vieux-Rhin, le canal lat\u00e9ral du Rhin Circuits en savoir plus D\u00e9couvrez des grand moments culinaires sur le Rhin Croisi\u00e8res culinaires en savoir plus<\/p>\n","protected":false},"author":1,"featured_media":0,"parent":0,"menu_order":0,"comment_status":"closed","ping_status":"closed","template":"","meta":{"footnotes":""},"class_list":["post-368","page","type-page","status-publish","hentry"],"_links":{"self":[{"href":"https:\/\/bfs-linie.de\/fr\/wp-json\/wp\/v2\/pages\/368"}],"collection":[{"href":"https:\/\/bfs-linie.de\/fr\/wp-json\/wp\/v2\/pages"}],"about":[{"href":"https:\/\/bfs-linie.de\/fr\/wp-json\/wp\/v2\/types\/page"}],"author":[{"embeddable":true,"href":"https:\/\/bfs-linie.de\/fr\/wp-json\/wp\/v2\/users\/1"}],"replies":[{"embeddable":true,"href":"https:\/\/bfs-linie.de\/fr\/wp-json\/wp\/v2\/comments?post=368"}],"version-history":[{"count":71,"href":"https:\/\/bfs-linie.de\/fr\/wp-json\/wp\/v2\/pages\/368\/revisions"}],"predecessor-version":[{"id":5533,"href":"https:\/\/bfs-linie.de\/fr\/wp-json\/wp\/v2\/pages\/368\/revisions\/5533"}],"wp:attachment":[{"href":"https:\/\/bfs-linie.de\/fr\/wp-json\/wp\/v2\/media?parent=368"}],"curies":[{"name":"wp","href":"https:\/\/api.w.org\/{rel}","templated":true}]}}