{"id":349,"date":"2018-03-13T14:44:36","date_gmt":"2018-03-13T14:44:36","guid":{"rendered":"http:\/\/bfs.itworqs.de\/?page_id=349"},"modified":"2018-06-07T11:17:02","modified_gmt":"2018-06-07T11:17:02","slug":"croisieres-privees","status":"publish","type":"page","link":"https:\/\/bfs-linie.de\/fr\/croisieres-privees\/","title":{"rendered":"Croisi\u00e8res priv\u00e9es &#8211; Breisacher Fahrgast-Schiffahrt GmbH"},"content":{"rendered":"<div id=\"pl-349\"  class=\"panel-layout\" ><div id=\"pg-349-0\"  class=\"panel-grid panel-no-style\" ><div id=\"pgc-349-0-0\"  class=\"panel-grid-cell\" ><div id=\"panel-349-0-0-0\" class=\"so-panel widget widget_sow-editor panel-first-child panel-last-child\" data-index=\"0\" ><div\n\t\t\t\n\t\t\tclass=\"so-widget-sow-editor so-widget-sow-editor-base\"\n\t\t\t\n\t\t>\n<div class=\"siteorigin-widget-tinymce textwidget\">\n\t<h2>Vous voulez louer un bateau pour votre propre \u00e9v\u00e9nement?<\/h2>\n<p>Que ce soit des sorties d'entreprise tels que s\u00e9minaires et f\u00eates de No\u00ebl, anniversaires ou f\u00eates, nous donnons \u00e0 chaque \u00e9v\u00e9nement une atmosph\u00e8re particuli\u00e8re. Nous sommes heureux de r\u00e9pondre \u00e0 vos besoins et d'organiser le voyage suivant vos d\u00e9sirs. Le navire et l'\u00e9quipage sera exclusivement \u00e0 votre disposition pour vous et vos invit\u00e9s.<\/p>\n<p><button id=\"charter_napoleon\" class=\"charter-btn\">R\u00e9server le bateau<\/button><\/p>\n<\/div>\n<\/div><\/div><\/div><\/div><div id=\"pg-349-1\"  class=\"panel-grid panel-has-style\" ><div class=\"flotte panel-row-style panel-row-style-for-349-1\" ><div id=\"pgc-349-1-0\"  class=\"panel-grid-cell\" ><div id=\"panel-349-1-0-0\" class=\"so-panel widget widget_sow-image panel-first-child\" data-index=\"1\" ><div\n\t\t\t\n\t\t\tclass=\"so-widget-sow-image so-widget-sow-image-default-8b5b6f678277-349\"\n\t\t\t\n\t\t>\n\n<div class=\"sow-image-container\">\n\t\t<img loading=\"lazy\" decoding=\"async\" src=\"https:\/\/bfs-linie.de\/wp-content\/uploads\/2018\/02\/Napoleon-1.jpg\" width=\"1024\" height=\"630\" srcset=\"https:\/\/bfs-linie.de\/wp-content\/uploads\/2018\/02\/Napoleon-1.jpg 1024w, https:\/\/bfs-linie.de\/wp-content\/uploads\/2018\/02\/Napoleon-1-350x215.jpg 350w, https:\/\/bfs-linie.de\/wp-content\/uploads\/2018\/02\/Napoleon-1-300x185.jpg 300w, https:\/\/bfs-linie.de\/wp-content\/uploads\/2018\/02\/Napoleon-1-768x473.jpg 768w\" sizes=\"(max-width: 767px) 89vw, (max-width: 1000px) 54vw, (max-width: 1071px) 543px, 580px\" title=\"Napoleon\" alt=\"\" \t\tclass=\"so-widget-image\"\/>\n\t<\/div>\n\n<\/div><\/div><div id=\"panel-349-1-0-1\" class=\"so-panel widget widget_sow-editor panel-last-child\" data-index=\"2\" ><div\n\t\t\t\n\t\t\tclass=\"so-widget-sow-editor so-widget-sow-editor-base\"\n\t\t\t\n\t\t>\n<div class=\"siteorigin-widget-tinymce textwidget\">\n\t<h3>\u00a0\"Napoleon\"<\/h3>\n<ul>\n<li>38,40 m x 5,05 m<\/li>\n<li>\u00a0max 180 personnes<\/li>\n<\/ul>\n<p><a href=\"https:\/\/www.youtube.com\/watch?v=9k7c-W7zwfQ\" data-rel=\"lightbox-video-0\" target=\"_blank\" rel=\"noopener\">Regarder la vid\u00e9o<\/a><\/p>\n<\/div>\n<\/div><\/div><\/div><div id=\"pgc-349-1-1\"  class=\"panel-grid-cell\" ><div id=\"panel-349-1-1-0\" class=\"so-panel widget widget_sow-image panel-first-child\" data-index=\"3\" ><div\n\t\t\t\n\t\t\tclass=\"so-widget-sow-image so-widget-sow-image-default-8b5b6f678277-349\"\n\t\t\t\n\t\t>\n\n<div class=\"sow-image-container\">\n\t\t<img loading=\"lazy\" decoding=\"async\" src=\"https:\/\/bfs-linie.de\/wp-content\/uploads\/2018\/02\/weinland-1.jpg\" width=\"1024\" height=\"630\" srcset=\"https:\/\/bfs-linie.de\/wp-content\/uploads\/2018\/02\/weinland-1.jpg 1024w, https:\/\/bfs-linie.de\/wp-content\/uploads\/2018\/02\/weinland-1-350x215.jpg 350w, https:\/\/bfs-linie.de\/wp-content\/uploads\/2018\/02\/weinland-1-300x185.jpg 300w, https:\/\/bfs-linie.de\/wp-content\/uploads\/2018\/02\/weinland-1-768x473.jpg 768w\" sizes=\"(max-width: 767px) 89vw, (max-width: 1000px) 54vw, (max-width: 1071px) 543px, 580px\" title=\"weinland\" alt=\"\" \t\tclass=\"so-widget-image\"\/>\n\t<\/div>\n\n<\/div><\/div><div id=\"panel-349-1-1-1\" class=\"so-panel widget widget_sow-editor panel-last-child\" data-index=\"4\" ><div\n\t\t\t\n\t\t\tclass=\"so-widget-sow-editor so-widget-sow-editor-base\"\n\t\t\t\n\t\t>\n<div class=\"siteorigin-widget-tinymce textwidget\">\n\t<h3>\"Weinland Baden\"<\/h3>\n<ul>\n<li>57,00 m x 8,20 m<\/li>\n<li>max 250 personnes<\/li>\n<\/ul>\n<p><a href=\"https:\/\/panooverlay.mediensegel.de\/de\/vt\/BFS_Breisach\" target=\"_blank\" rel=\"noopener\">Vue \u00e0 360\u00b0<\/a><\/p>\n<\/div>\n<\/div><\/div><\/div><\/div><\/div><div id=\"pg-349-2\"  class=\"panel-grid panel-has-style\" ><div class=\"headline-nopadding panel-row-style panel-row-style-for-349-2\" ><div id=\"pgc-349-2-0\"  class=\"panel-grid-cell\" ><div id=\"panel-349-2-0-0\" class=\"so-panel widget widget_sow-editor panel-first-child panel-last-child\" data-index=\"5\" ><div\n\t\t\t\n\t\t\tclass=\"so-widget-sow-editor so-widget-sow-editor-base\"\n\t\t\t\n\t\t>\n<div class=\"siteorigin-widget-tinymce textwidget\">\n\t<p>&nbsp;<\/p>\n<h2>Nos possibilit\u00e9s<\/h2>\n<\/div>\n<\/div><\/div><\/div><\/div><\/div><div id=\"pg-349-3\"  class=\"panel-grid panel-has-style\" ><div class=\"flotte_bilder panel-row-style panel-row-style-for-349-3\" ><div id=\"pgc-349-3-0\"  class=\"panel-grid-cell\" ><div id=\"panel-349-3-0-0\" class=\"so-panel widget widget_sow-editor panel-first-child panel-last-child\" data-index=\"6\" ><div\n\t\t\t\n\t\t\tclass=\"so-widget-sow-editor so-widget-sow-editor-base\"\n\t\t\t\n\t\t>\n<div class=\"siteorigin-widget-tinymce textwidget\">\n\t<div class=\"rl-gallery-container rl-loading\" id=\"rl-gallery-container-1\" data-gallery_id=\"1090\"> <div class=\"rl-gallery rl-basicgrid-gallery \" id=\"rl-gallery-1\" data-gallery_no=\"1\"> <div class=\"rl-gallery-item\"><a href=\"https:\/\/bfs-linie.de\/wp-content\/uploads\/2018\/02\/Charter1.jpg\" title=\"\" data-rl_title=\"\" class=\"rl-gallery-link\" data-rl_caption=\"\" data-rel=\"lightbox-gallery-1\"><img loading=\"lazy\" decoding=\"async\" src=\"https:\/\/bfs-linie.de\/wp-content\/uploads\/2018\/02\/Charter1-768x576.jpg\" width=\"525\" height=\"394\" alt=\"\"\/><\/a><\/div><div class=\"rl-gallery-item\"><a href=\"https:\/\/bfs-linie.de\/wp-content\/uploads\/2018\/02\/Charter2.jpg\" title=\"\" data-rl_title=\"\" class=\"rl-gallery-link\" data-rl_caption=\"\" data-rel=\"lightbox-gallery-1\"><img loading=\"lazy\" decoding=\"async\" src=\"https:\/\/bfs-linie.de\/wp-content\/uploads\/2018\/02\/Charter2-768x576.jpg\" width=\"525\" height=\"394\" alt=\"\"\/><\/a><\/div><div class=\"rl-gallery-item\"><a href=\"https:\/\/bfs-linie.de\/wp-content\/uploads\/2018\/02\/Charter3.jpg\" title=\"\" data-rl_title=\"\" class=\"rl-gallery-link\" data-rl_caption=\"\" data-rel=\"lightbox-gallery-1\"><img loading=\"lazy\" decoding=\"async\" src=\"https:\/\/bfs-linie.de\/wp-content\/uploads\/2018\/02\/Charter3-768x576.jpg\" width=\"525\" height=\"394\" alt=\"\"\/><\/a><\/div><div class=\"rl-gallery-item\"><a href=\"https:\/\/bfs-linie.de\/wp-content\/uploads\/2018\/02\/Charter4.jpg\" title=\"\" data-rl_title=\"\" class=\"rl-gallery-link\" data-rl_caption=\"\" data-rel=\"lightbox-gallery-1\"><img loading=\"lazy\" decoding=\"async\" src=\"https:\/\/bfs-linie.de\/wp-content\/uploads\/2018\/02\/Charter4-768x576.jpg\" width=\"525\" height=\"394\" alt=\"\"\/><\/a><\/div><div class=\"rl-gallery-item\"><a href=\"https:\/\/bfs-linie.de\/wp-content\/uploads\/2018\/02\/Charter5.jpg\" title=\"\" data-rl_title=\"\" class=\"rl-gallery-link\" data-rl_caption=\"\" data-rel=\"lightbox-gallery-1\"><img loading=\"lazy\" decoding=\"async\" src=\"https:\/\/bfs-linie.de\/wp-content\/uploads\/2018\/02\/Charter5-768x576.jpg\" width=\"525\" height=\"394\" alt=\"\"\/><\/a><\/div><div class=\"rl-gallery-item\"><a href=\"https:\/\/bfs-linie.de\/wp-content\/uploads\/2018\/02\/Charter6.jpg\" title=\"\" data-rl_title=\"\" class=\"rl-gallery-link\" data-rl_caption=\"\" data-rel=\"lightbox-gallery-1\"><img loading=\"lazy\" decoding=\"async\" src=\"https:\/\/bfs-linie.de\/wp-content\/uploads\/2018\/02\/Charter6-768x576.jpg\" width=\"525\" height=\"394\" alt=\"\"\/><\/a><\/div> <\/div> <\/div>\n<\/div>\n<\/div><\/div><\/div><\/div><\/div><div id=\"pg-349-4\"  class=\"panel-grid panel-no-style\" ><div id=\"pgc-349-4-0\"  class=\"panel-grid-cell\" ><div id=\"panel-349-4-0-0\" class=\"so-panel widget widget_sow-editor panel-first-child panel-last-child\" data-index=\"7\" ><div\n\t\t\t\n\t\t\tclass=\"so-widget-sow-editor so-widget-sow-editor-base\"\n\t\t\t\n\t\t>\n<div class=\"siteorigin-widget-tinymce textwidget\">\n\t<div class=\"popUp\" id=\"popUpCharter\">\n<div class=\"innerPopUp\">\n<div class=\"closePopUp\"><span>x<\/span><\/div>\n<div class=\"popUpHead\">\n<h2>\nR\u00e9servation de la croisi\u00e8re<br \/>\n<\/h2>\n<\/div>\n<div class=\"popUpBody\">\n\n<div class=\"wpcf7 no-js\" id=\"wpcf7-f578-o1\" lang=\"de-DE\" dir=\"ltr\">\n<div class=\"screen-reader-response\"><p role=\"status\" aria-live=\"polite\" aria-atomic=\"true\"><\/p> <ul><\/ul><\/div>\n<form action=\"\/fr\/wp-json\/wp\/v2\/pages\/349#wpcf7-f578-o1\" method=\"post\" class=\"wpcf7-form init\" aria-label=\"Kontaktformular\" novalidate=\"novalidate\" data-status=\"init\">\n<div style=\"display: none;\">\n<input type=\"hidden\" name=\"_wpcf7\" value=\"578\" \/>\n<input type=\"hidden\" name=\"_wpcf7_version\" value=\"5.9.8\" \/>\n<input type=\"hidden\" name=\"_wpcf7_locale\" value=\"de_DE\" \/>\n<input type=\"hidden\" name=\"_wpcf7_unit_tag\" value=\"wpcf7-f578-o1\" \/>\n<input type=\"hidden\" name=\"_wpcf7_container_post\" value=\"0\" \/>\n<input type=\"hidden\" name=\"_wpcf7_posted_data_hash\" value=\"\" \/>\n<\/div>\n<table>\n\t<thead>\n\t<\/thead>\n\t<tbody>\n\t\t<tr>\n\t\t\t<td>\n\t\t\t\t<p><label for=\"Gutscheinwert\">Informations sur le voyage charter souhait\u00e9<\/label>\n\t\t\t\t<\/p>\n\t\t\t<\/td>\n\t\t\t<td>\n\t\t\t<\/td>\n\t\t<\/tr>\n\t\t<tr>\n\t\t\t<td>\n\t\t\t\t<p><label for=\"schiff\">Quel bateau voulez vous r\u00e9server<\/label>\n\t\t\t\t<\/p>\n\t\t\t<\/td>\n\t\t\t<td>\n\t\t\t\t<p><span class=\"wpcf7-form-control-wrap\" data-name=\"schiff\"><select class=\"wpcf7-form-control wpcf7-select wpcf7-validates-as-required\" aria-required=\"true\" aria-invalid=\"false\" name=\"schiff\"><option value=\"Weinland_Baden\">Weinland_Baden<\/option><option value=\"Napoleon\">Napoleon<\/option><\/select><\/span>\n\t\t\t\t<\/p>\n\t\t\t<\/td>\n\t\t<\/tr>\n\t\t<tr>\n\t\t\t<td>\n\t\t\t\t<p><label for=\"personen\">Nombre de personnes<\/label>\n\t\t\t\t<\/p>\n\t\t\t<\/td>\n\t\t\t<td>\n\t\t\t\t<p><span class=\"wpcf7-form-control-wrap\" data-name=\"personen\"><input class=\"wpcf7-form-control wpcf7-number wpcf7-validates-as-required wpcf7-validates-as-number\" aria-required=\"true\" aria-invalid=\"false\" value=\"\" type=\"number\" name=\"personen\" \/><\/span>\n\t\t\t\t<\/p>\n\t\t\t<\/td>\n\t\t<\/tr>\n\t\t<tr>\n\t\t\t<td>\n\t\t\t\t<p><label for=\"wunschtermin\">Date souhait\u00e9e<\/label>\n\t\t\t\t<\/p>\n\t\t\t<\/td>\n\t\t\t<td>\n\t\t\t\t<p><span class=\"wpcf7-form-control-wrap\" data-name=\"wunschtermin\"><input class=\"wpcf7-form-control wpcf7-date wpcf7-validates-as-required wpcf7-validates-as-date\" aria-required=\"true\" aria-invalid=\"false\" value=\"\" type=\"date\" name=\"wunschtermin\" \/><\/span>\n\t\t\t\t<\/p>\n\t\t\t<\/td>\n\t\t<\/tr>\n\t\t<tr>\n\t\t\t<td>\n\t\t\t\t<p><label for=\"alttermin\">Date alternative<\/label>\n\t\t\t\t<\/p>\n\t\t\t<\/td>\n\t\t\t<td>\n\t\t\t\t<p><span class=\"wpcf7-form-control-wrap\" data-name=\"alttermin\"><input class=\"wpcf7-form-control wpcf7-date wpcf7-validates-as-required wpcf7-validates-as-date\" aria-required=\"true\" aria-invalid=\"false\" value=\"\" type=\"date\" name=\"alttermin\" \/><\/span>\n\t\t\t\t<\/p>\n\t\t\t<\/td>\n\t\t<\/tr>\n\t\t<tr>\n\t\t\t<td>\n\t\t\t\t<p><label for=\"abfahrt\">Heure de d\u00e9part<\/label>\n\t\t\t\t<\/p>\n\t\t\t<\/td>\n\t\t\t<td>\n\t\t\t\t<p><input type=\"time\" name=\"abfahrt\" class=\"wpcf7-validates-as-required\" \/>\n\t\t\t\t<\/p>\n\t\t\t<\/td>\n\t\t<\/tr>\n\t\t<tr>\n\t\t\t<td>\n\t\t\t\t<p><label for=\"ankunft\">Heure d'arriv\u00e9e<\/label>\n\t\t\t\t<\/p>\n\t\t\t<\/td>\n\t\t\t<td>\n\t\t\t\t<p><input type=\"time\" name=\"ankunft\" class=\"wpcf7-validates-as-required\" \/>\n\t\t\t\t<\/p>\n\t\t\t<\/td>\n\t\t<\/tr>\n\t\t<tr>\n\t\t\t<td>\n\t\t\t\t<p><label for=\"bemerkungen\">Eventuel arr\u00eat interm\u00e9diaire<\/label>\n\t\t\t\t<\/p>\n\t\t\t<\/td>\n\t\t\t<td>\n\t\t\t\t<p><span class=\"wpcf7-form-control-wrap\" data-name=\"bemerkungen\"><input size=\"40\" maxlength=\"400\" class=\"wpcf7-form-control wpcf7-text\" aria-invalid=\"false\" value=\"\" type=\"text\" name=\"bemerkungen\" \/><\/span>\n\t\t\t\t<\/p>\n\t\t\t<\/td>\n\t\t<\/tr>\n\t\t<tr class=\"for_checkboxes\">\n\t\t\t<td>\n\t\t\t\t<p><label for=\"kulinarisches\">Repas<\/label>\n\t\t\t\t<\/p>\n\t\t\t<\/td>\n\t\t\t<td>\n\t\t\t\t<p><span class=\"wpcf7-form-control-wrap\" data-name=\"kulinarisches\"><span class=\"wpcf7-form-control wpcf7-checkbox wpcf7-validates-as-required wpcf7-exclusive-checkbox\"><span class=\"wpcf7-list-item first\"><input type=\"checkbox\" name=\"kulinarisches\" value=\"Buffet\" \/><span class=\"wpcf7-list-item-label\">Buffet<\/span><\/span><span class=\"wpcf7-list-item last\"><input type=\"checkbox\" name=\"kulinarisches\" value=\"Menu\" \/><span class=\"wpcf7-list-item-label\">Menu<\/span><\/span><\/span><\/span>\n\t\t\t\t<\/p>\n\t\t\t<\/td>\n\t\t<\/tr>\n\t<\/tbody>\n<\/table><div class=\"wpcf7-response-output\" aria-hidden=\"true\"><\/div>\n<\/form>\n<\/div>\n\n<\/div>\n<div class=\"popUpFooter\">\n<table>\n<tbody>\n<tr>\n<td><\/td>\n<td><button id=\"nextForm-charter-Adresse\" class=\"forms-btn\">suivant<\/button><\/td>\n<\/tr>\n<\/tbody>\n<\/table>\n<\/div>\n<\/div>\n<\/div>\n<div class=\"popUp\" id=\"popUpCharter-Adresse\">\n<div class=\"innerPopUp\">\n<div class=\"closePopUp\"><span>x<\/span><\/div>\n<div class=\"popUpHead\">\n<h2>\nR\u00e9servation de la croisi\u00e8re<br \/>\n<\/h2>\n<\/div>\n<div class=\"popUpBody\">\n\n<div class=\"wpcf7 no-js\" id=\"wpcf7-f581-o2\" lang=\"de-DE\" dir=\"ltr\">\n<div class=\"screen-reader-response\"><p role=\"status\" aria-live=\"polite\" aria-atomic=\"true\"><\/p> <ul><\/ul><\/div>\n<form action=\"\/fr\/wp-json\/wp\/v2\/pages\/349#wpcf7-f581-o2\" method=\"post\" class=\"wpcf7-form init\" aria-label=\"Kontaktformular\" novalidate=\"novalidate\" data-status=\"init\">\n<div style=\"display: none;\">\n<input type=\"hidden\" name=\"_wpcf7\" value=\"581\" \/>\n<input type=\"hidden\" name=\"_wpcf7_version\" value=\"5.9.8\" \/>\n<input type=\"hidden\" name=\"_wpcf7_locale\" value=\"de_DE\" \/>\n<input type=\"hidden\" name=\"_wpcf7_unit_tag\" value=\"wpcf7-f581-o2\" \/>\n<input type=\"hidden\" name=\"_wpcf7_container_post\" value=\"0\" \/>\n<input type=\"hidden\" name=\"_wpcf7_posted_data_hash\" value=\"\" \/>\n<\/div>\n<table>\n\t<thead>\n\t<\/thead>\n\t<tbody>\n\t\t<tr>\n\t\t\t<td>\n\t\t\t\t<p><label>Salutation<span>*<\/span><\/label>\n\t\t\t\t<\/p>\n\t\t\t<\/td>\n\t\t\t<td>\n\t\t\t\t<p><span class=\"wpcf7-form-control-wrap\" data-name=\"anrede\"><select class=\"wpcf7-form-control wpcf7-select wpcf7-validates-as-required\" aria-required=\"true\" aria-invalid=\"false\" name=\"anrede\"><option value=\"S\u00e9lectionner...\">S\u00e9lectionner...<\/option><option value=\"Entreprise\">Entreprise<\/option><option value=\"Monsieur\">Monsieur<\/option><option value=\"Madame\">Madame<\/option><\/select><\/span>\n\t\t\t\t<\/p>\n\t\t\t<\/td>\n\t\t<\/tr>\n\t\t<tr>\n\t\t\t<td>\n\t\t\t\t<p><label>Entreprise<\/label>\n\t\t\t\t<\/p>\n\t\t\t<\/td>\n\t\t\t<td>\n\t\t\t\t<p><span class=\"wpcf7-form-control-wrap\" data-name=\"firma\"><input size=\"40\" maxlength=\"400\" class=\"wpcf7-form-control wpcf7-text\" aria-invalid=\"false\" value=\"\" type=\"text\" name=\"firma\" \/><\/span>\n\t\t\t\t<\/p>\n\t\t\t<\/td>\n\t\t<\/tr>\n\t\t<tr>\n\t\t\t<td>\n\t\t\t\t<p><label>Pr\u00e9nom<span>*<\/span><\/label>\n\t\t\t\t<\/p>\n\t\t\t<\/td>\n\t\t\t<td>\n\t\t\t\t<p><span class=\"wpcf7-form-control-wrap\" data-name=\"vorname\"><input size=\"40\" maxlength=\"400\" class=\"wpcf7-form-control wpcf7-text wpcf7-validates-as-required\" aria-required=\"true\" aria-invalid=\"false\" value=\"\" type=\"text\" name=\"vorname\" \/><\/span>\n\t\t\t\t<\/p>\n\t\t\t<\/td>\n\t\t<\/tr>\n\t\t<tr>\n\t\t\t<td>\n\t\t\t\t<p><label>Nom<span>*<\/span><\/label>\n\t\t\t\t<\/p>\n\t\t\t<\/td>\n\t\t\t<td>\n\t\t\t\t<p><span class=\"wpcf7-form-control-wrap\" data-name=\"nachname\"><input size=\"40\" maxlength=\"400\" class=\"wpcf7-form-control wpcf7-text wpcf7-validates-as-required\" aria-required=\"true\" aria-invalid=\"false\" value=\"\" type=\"text\" name=\"nachname\" \/><\/span>\n\t\t\t\t<\/p>\n\t\t\t<\/td>\n\t\t<\/tr>\n\t\t<tr>\n\t\t\t<td>\n\t\t\t\t<p><label>Adresse<span>*<\/span><\/label>\n\t\t\t\t<\/p>\n\t\t\t<\/td>\n\t\t\t<td>\n\t\t\t\t<p><span class=\"wpcf7-form-control-wrap\" data-name=\"strasse\"><input size=\"40\" maxlength=\"400\" class=\"wpcf7-form-control wpcf7-text wpcf7-validates-as-required\" aria-required=\"true\" aria-invalid=\"false\" value=\"\" type=\"text\" name=\"strasse\" \/><\/span>\n\t\t\t\t<\/p>\n\t\t\t<\/td>\n\t\t<\/tr>\n\t\t<tr class=\"ort\">\n\t\t\t<td>\n\t\t\t\t<p><label>Ville<span>*<\/span><\/label>\n\t\t\t\t<\/p>\n\t\t\t<\/td>\n\t\t\t<td>\n\t\t\t\t<table>\n\t\t\t\t\t<tbody>\n\t\t\t\t\t\t<tr>\n\t\t\t\t\t\t\t<td>\n\t\t\t\t\t\t\t\t<p><span class=\"wpcf7-form-control-wrap\" data-name=\"plz\"><input size=\"40\" maxlength=\"400\" class=\"wpcf7-form-control wpcf7-text wpcf7-validates-as-required\" aria-required=\"true\" aria-invalid=\"false\" value=\"\" type=\"text\" name=\"plz\" \/><\/span>\n\t\t\t\t\t\t\t\t<\/p>\n\t\t\t\t\t\t\t<\/td>\n\t\t\t\t\t\t\t<td>\n\t\t\t\t\t\t\t\t<p><span class=\"wpcf7-form-control-wrap\" data-name=\"ort\"><input size=\"40\" maxlength=\"400\" class=\"wpcf7-form-control wpcf7-text wpcf7-validates-as-required\" aria-required=\"true\" aria-invalid=\"false\" value=\"\" type=\"text\" name=\"ort\" \/><\/span>\n\t\t\t\t\t\t\t\t<\/p>\n\t\t\t\t\t\t\t<\/td>\n\t\t\t\t\t\t<\/tr>\n\t\t\t\t\t<\/tbody>\n\t\t\t\t<\/table>\n\t\t\t<\/td>\n\t\t<\/tr>\n\t\t<tr>\n\t\t\t<td>\n\t\t\t\t<p><label>Pays<span>*<\/span><\/label>\n\t\t\t\t<\/p>\n\t\t\t<\/td>\n\t\t\t<td>\n\t\t\t\t<p><span class=\"wpcf7-form-control-wrap\" data-name=\"land\"><select class=\"wpcf7-form-control wpcf7-select wpcf7-validates-as-required\" aria-required=\"true\" aria-invalid=\"false\" name=\"land\"><option value=\"Deutschland\">Deutschland<\/option><option value=\"Frankreich\">Frankreich<\/option><option value=\"Schweiz\">Schweiz<\/option><option value=\"\u00d6sterreich\">\u00d6sterreich<\/option><\/select><\/span>\n\t\t\t\t<\/p>\n\t\t\t<\/td>\n\t\t<\/tr>\n\t\t<tr>\n\t\t\t<td>\n\t\t\t\t<p><label>E-Mail<span>*<\/span><\/label>\n\t\t\t\t<\/p>\n\t\t\t<\/td>\n\t\t\t<td>\n\t\t\t\t<p><span class=\"wpcf7-form-control-wrap\" data-name=\"email\"><input size=\"40\" maxlength=\"400\" class=\"wpcf7-form-control wpcf7-email wpcf7-validates-as-required wpcf7-text wpcf7-validates-as-email\" aria-required=\"true\" aria-invalid=\"false\" value=\"\" type=\"email\" name=\"email\" \/><\/span>\n\t\t\t\t<\/p>\n\t\t\t<\/td>\n\t\t<\/tr>\n\t\t<tr>\n\t\t\t<td>\n\t\t\t\t<p><label>Telephone<span>*<\/span><\/label>\n\t\t\t\t<\/p>\n\t\t\t<\/td>\n\t\t\t<td>\n\t\t\t\t<p><span class=\"wpcf7-form-control-wrap\" data-name=\"tel\"><input size=\"40\" maxlength=\"400\" class=\"wpcf7-form-control wpcf7-tel wpcf7-validates-as-required wpcf7-text wpcf7-validates-as-tel\" aria-required=\"true\" aria-invalid=\"false\" value=\"\" type=\"tel\" name=\"tel\" \/><\/span>\n\t\t\t\t<\/p>\n\t\t\t<\/td>\n\t\t<\/tr>\n\t\t<tr>\n\t\t\t<td>\n\t\t\t\t<p><label>Portable<\/label>\n\t\t\t\t<\/p>\n\t\t\t<\/td>\n\t\t\t<td>\n\t\t\t\t<p><span class=\"wpcf7-form-control-wrap\" data-name=\"mobil\"><input size=\"40\" maxlength=\"400\" class=\"wpcf7-form-control wpcf7-tel wpcf7-text wpcf7-validates-as-tel\" aria-invalid=\"false\" value=\"\" type=\"tel\" name=\"mobil\" \/><\/span>\n\t\t\t\t<\/p>\n\t\t\t<\/td>\n\t\t<\/tr>\n\t\t<tr>\n\t\t\t<td>\n\t\t\t\t<p><label>Fax<\/label>\n\t\t\t\t<\/p>\n\t\t\t<\/td>\n\t\t\t<td>\n\t\t\t\t<p><span class=\"wpcf7-form-control-wrap\" data-name=\"fax\"><input size=\"40\" maxlength=\"400\" class=\"wpcf7-form-control wpcf7-tel wpcf7-text wpcf7-validates-as-tel\" aria-invalid=\"false\" value=\"\" type=\"tel\" name=\"fax\" \/><\/span>\n\t\t\t\t<\/p>\n\t\t\t<\/td>\n\t\t<\/tr>\n\t\t<tr>\n\t\t\t<td>\n\t\t\t<\/td>\n\t\t\t<td>\n\t\t\t\t<p><span class=\"wpcf7-form-control-wrap\" data-name=\"checkbox-798\"><span class=\"wpcf7-form-control wpcf7-checkbox wpcf7-validates-as-required wpcf7-exclusive-checkbox\"><span class=\"wpcf7-list-item first last\"><input type=\"checkbox\" name=\"checkbox-798\" value=\"*Je suis d&#039;accord avec les termes et conditions et la politique de confidentialit\u00e9.\" \/><span class=\"wpcf7-list-item-label\">*Je suis d&#039;accord avec les termes et conditions et la politique de confidentialit\u00e9.<\/span><\/span><\/span><\/span>\n\t\t\t\t<\/p>\n\t\t\t<\/td>\n\t\t<\/tr>\n\t\t<tr class=\"invisible\">\n\t\t\t<td>\n\t\t\t<input class=\"wpcf7-form-control wpcf7-hidden\" value=\"\" type=\"hidden\" name=\"schiff\" \/>\n\t\t\t<\/td>\n\t\t\t<td>\n\t\t\t<input class=\"wpcf7-form-control wpcf7-hidden\" value=\"\" type=\"hidden\" name=\"personen\" \/>\n\t\t\t<\/td>\n\t\t\t<td>\n\t\t\t<input class=\"wpcf7-form-control wpcf7-hidden\" value=\"\" type=\"hidden\" name=\"wunschtermin\" \/>\n\t\t\t<\/td>\n\t\t\t<td>\n\t\t\t<input class=\"wpcf7-form-control wpcf7-hidden\" value=\"\" type=\"hidden\" name=\"alternativtermin\" \/>\n\t\t\t<\/td>\n\t\t\t<td>\n\t\t\t<input class=\"wpcf7-form-control wpcf7-hidden\" value=\"\" type=\"hidden\" name=\"abfahrt\" \/>\n\t\t\t<\/td>\n\t\t\t<td>\n\t\t\t<input class=\"wpcf7-form-control wpcf7-hidden\" value=\"\" type=\"hidden\" name=\"ankunft\" \/>\n\t\t\t<\/td>\n\t\t\t<td>\n\t\t\t<input class=\"wpcf7-form-control wpcf7-hidden\" value=\"\" type=\"hidden\" name=\"bemerkungen\" \/>\n\t\t\t<\/td>\n\t\t\t<td>\n\t\t\t<input class=\"wpcf7-form-control wpcf7-hidden\" value=\"\" type=\"hidden\" name=\"kulinarisches\" \/>\n\t\t\t<\/td>\n\t\t<\/tr>\n\t\t<tr class=\"submitline\">\n\t\t\t<td>\n\t\t\t\t<p><input class=\"wpcf7-form-control wpcf7-submit has-spinner\" type=\"submit\" value=\"Senden\" \/>\n\t\t\t\t<\/p>\n\t\t\t<\/td>\n\t\t<\/tr>\n\t<\/tbody>\n<\/table><div class=\"wpcf7-response-output\" aria-hidden=\"true\"><\/div>\n<\/form>\n<\/div>\n\n<\/div>\n<div class=\"popUpFooter\">\n<table>\n<tbody>\n<tr>\n<td><button id=\"prevForm-charter-Adresse\" class=\"forms-btn\">pr\u00e9c\u00e9dent<\/button><\/td>\n<td><button id=\"nextForm-charter-submit\" class=\"forms-btn\">envoyer<\/button><\/td>\n<\/tr>\n<\/tbody>\n<\/table>\n<\/div>\n<\/div>\n<\/div>\n<\/div>\n<\/div><\/div><\/div><\/div><\/div>","protected":false},"excerpt":{"rendered":"<p>Vous voulez louer un bateau pour votre propre \u00e9v\u00e9nement? Que ce soit des sorties d&rsquo;entreprise tels que s\u00e9minaires et f\u00eates de No\u00ebl, anniversaires ou f\u00eates, nous donnons \u00e0 chaque \u00e9v\u00e9nement une atmosph\u00e8re particuli\u00e8re. Nous sommes heureux de r\u00e9pondre \u00e0 vos besoins et d&rsquo;organiser le voyage suivant vos d\u00e9sirs. Le navire et l&rsquo;\u00e9quipage sera exclusivement \u00e0 &hellip; <\/p>\n<p class=\"link-more\"><a href=\"https:\/\/bfs-linie.de\/fr\/croisieres-privees\/\" class=\"more-link\">Continuer la lecture<span class=\"screen-reader-text\"> de &laquo;&nbsp;Croisi\u00e8res priv\u00e9es &#8211; Breisacher Fahrgast-Schiffahrt GmbH&nbsp;&raquo;<\/span><\/a><\/p>\n","protected":false},"author":1,"featured_media":0,"parent":0,"menu_order":0,"comment_status":"closed","ping_status":"closed","template":"","meta":{"footnotes":""},"class_list":["post-349","page","type-page","status-publish","hentry"],"_links":{"self":[{"href":"https:\/\/bfs-linie.de\/fr\/wp-json\/wp\/v2\/pages\/349"}],"collection":[{"href":"https:\/\/bfs-linie.de\/fr\/wp-json\/wp\/v2\/pages"}],"about":[{"href":"https:\/\/bfs-linie.de\/fr\/wp-json\/wp\/v2\/types\/page"}],"author":[{"embeddable":true,"href":"https:\/\/bfs-linie.de\/fr\/wp-json\/wp\/v2\/users\/1"}],"replies":[{"embeddable":true,"href":"https:\/\/bfs-linie.de\/fr\/wp-json\/wp\/v2\/comments?post=349"}],"version-history":[{"count":27,"href":"https:\/\/bfs-linie.de\/fr\/wp-json\/wp\/v2\/pages\/349\/revisions"}],"predecessor-version":[{"id":1152,"href":"https:\/\/bfs-linie.de\/fr\/wp-json\/wp\/v2\/pages\/349\/revisions\/1152"}],"wp:attachment":[{"href":"https:\/\/bfs-linie.de\/fr\/wp-json\/wp\/v2\/media?parent=349"}],"curies":[{"name":"wp","href":"https:\/\/api.w.org\/{rel}","templated":true}]}}