{"id":1486,"date":"2021-01-18T10:27:48","date_gmt":"2021-01-18T10:27:48","guid":{"rendered":"https:\/\/bfs-linie.de\/?page_id=1486"},"modified":"2026-02-20T13:10:09","modified_gmt":"2026-02-20T11:10:09","slug":"groupes","status":"publish","type":"page","link":"https:\/\/bfs-linie.de\/fr\/groupes\/","title":{"rendered":"Compagnie de bus\/ Groupes"},"content":{"rendered":"<h3>Vous \u00eates une compagnie de bus ou un groupe \u00e0 partir de 30 personnes et vous cherchez la bonne excursion ?<\/h3>\n<p>Nous avons suffisamment de place pour des groupes de 30 \u00e0 200 personnes.<\/p>\n<p>Nous pouvons \u00e9galement vous proposer des trajets en dehors de notre programme 2026.<\/p>\n<p>Pour des conditions sp\u00e9ciales et des trajets sp\u00e9ciaux ou des trajets selon le programme 2026, n&rsquo;h\u00e9sitez pas \u00e0 nous faire parvenir une demande correspondante.<\/p>\n<p>Si vous souhaitez commander \u00e0 l&rsquo;avance un repas pour votre groupe, vous pouvez consulter notre <a href=\"https:\/\/bfs-linie.de\/wp-content\/uploads\/2025\/01\/Gruppenspeisekarte-F-1-25.pdf\">menu de groupe ici<\/a>.<\/p>\n<p>Les places de <a href=\"https:\/\/bfs-linie.de\/wp-content\/uploads\/2025\/01\/Wegweisung-Busse_2025.pdf\">parking pour bus<\/a> se trouvent au bout de la Rheinuferstra\u00dfe (direction sud), le long de la route. Pour monter et descendre, le bus peut s&rsquo;arr\u00eater directement chez nous \u00e0 l&#8217;embarcad\u00e8re.<\/p>\n<p>Nous nous r\u00e9jouissons de collaborer avec vous,<\/p>\n<p>Avec nos amicales salutations<\/p>\n<p>Votre \u00e9quipe BFS<\/p>\n<p>&nbsp;<\/p>\n<table style=\"text-align: left !important;\">\n<tbody>\n<tr>\n<td><\/td>\n<td>\n<div id=\"muse_reservation_form\">\n<div class=\"inner_reservation_form\">\n<form id=\"reservation\" action=\"https:\/\/minivino.itworqs.de\/wp-content\/plugins\/muse-reservations\/muse-res.php\" method=\"post\">\n<div class=\"r-flex-row row-2\">\n<div class=\"r-flex-item\">\n<label>Nom*<\/label>\n<input type=\"text\" name=\"name\" \/>\n<span class=\"error_label\"><\/span>\n<\/div>\n<div class=\"r-flex-item\">\n<label>Pr\u00e9nom*<\/label>\n<input type=\"text\" name=\"vorname\" \/>\n<span class=\"error_label\"><\/span>\n<\/div>\n<\/div>\n<div class=\"r-flex-row row-2\">\n<div class=\"r-flex-item\">\n<label>T\u00e9l\u00e9phone*<\/label>\n<input type=\"text\" name=\"telefon\" \/>\n<span class=\"error_label\"><\/span>\n<\/div>\n<div class=\"r-flex-item\">\n<label>E-Mail*<\/label>\n<input type=\"text\" name=\"email\" \/>\n<span class=\"error_label\"><\/span>\n<\/div>\n<\/div>\n<div class=\"r-flex-row row-2\">\n<div class=\"r-flex-item\">\n<label>Date*<\/label>\n<input type=\"text\" name=\"datum\" id=\"datum\" value=\"\"\/>\n<span class=\"error_label\"><\/span>\n<\/div>\n<!-- <div class=\"r-flex-item\">\n<label>Temps*<\/label>\n<input type=\"hidden\" name=\"uhrzeit\" id=\"uhrzeit\" value=\"\">\n<div class=\"time-select\">\n<span class=\"selectwrapper\"><select id=\"week_h\">\n<option value=\"--\">--<\/option>\n<option value=\"17\">17<\/option>\n<option value=\"18\">18<\/option>\n<option value=\"19\">19<\/option>\n<option value=\"20\">20<\/option>\n<option value=\"21\">21<\/option>\n<\/select><\/span>\n<span class=\"selectwrapper\"><select id=\"week_m\">\n<option value=\"--\">--<\/option>\n<option value=\"00\">00<\/option>\n<option value=\"15\">15<\/option>\n<option value=\"30\">30<\/option>\n<option value=\"45\">45<\/option>\n<\/select><\/span>\n<\/div>\n<span class=\"error_label\"><\/span>\n<\/div> -->\n<input type=\"hidden\" name=\"uhrzeit\" id=\"uhrzeit\" value=\"9:30\">\n<div class=\"r-flex-item\">\n<label>Personnes*<\/label>\n<div class=\"container\">\n  <div style=\"max-width: 150px;\" class=\"input-group spinner\">\n    <div class=\"btn btn-default btn-up\"><i class=\"fa fa-caret-up\">+<\/i><\/div>\n    <input type=\"text\" name=\"personen\" class=\"form-control\" value=\"1\">\n    <div class=\"btn btn-default btn-down\"><i class=\"fa fa-caret-down\">-<\/i><\/div>\n  <\/div>\n<\/div>\n<\/div>\n<\/div>\n<div class=\"r-flex-row row-1\">\n<div class=\"r-flex-item\">\n<label>Commentaire<\/label>\n<textarea  name=\"bemerkung\"><\/textarea>\n<\/div>\n<\/div>\n<div class=\"r-flex-row row-1\">\n<div class=\"r-flex-item\">\n<input type=\"checkbox\" id=\"datenschutz\"><label id=\"ds_label\">Jai lu la <a href=\"\/fr\/datenschutz\/\" target=\"_blank\">politique de confidentialit\u00e9<\/a> et je l\u00b4accepte.<\/label>\n<\/div>\n<span class=\"error_label\"><\/span>\n<\/div>\n<input type=\"submit\" id=\"submit_res\" value=\"demander maintenant\" \/>\n<\/form>\n<div id=\"mr-ajax-response\"><div class=\"load-icon\"><img decoding=\"async\" src=\"https:\/\/bfs-linie.de\/wp-content\/plugins\/muse-reservations\/load.gif\" \/><\/div><\/div>\n<\/div>\n<\/div>\n<\/td>\n<\/tr>\n<\/tbody>\n<\/table>\n<p>&nbsp;<\/p>\n<div class=\"su-column su-column-size-1-2 su-column-centered\"><div class=\"su-column-inner su-u-clearfix su-u-trim\"><\/div><\/div><!--\n\n\n<table class=\"zeiten\" width=\"661\" cellspacing=\"2\">\n\n\n<tbody>\n\n\n<tr>\n\n\n<td>K\u00fchen\u00f6ffnungszeiten<\/td>\n\n\n\n\n<td><span id=\"MainContent_lbl4\">Montag<\/span><\/td>\n\n\n\n\n<td><span id=\"MainContent_lbl5\">Dienstag<\/span><\/td>\n\n\n\n\n<td><span id=\"MainContent_lbl6\">Mittwoch<\/span><\/td>\n\n\n\n\n<td><span id=\"MainContent_lbl7\">Donnerstag<\/span><\/td>\n\n\n\n\n<td><span id=\"MainContent_lbl8\">Freitag<\/span><\/td>\n\n\n\n\n<td><span id=\"MainContent_lbl9\">Samstag<\/span><\/td>\n\n\n\n\n<td><span id=\"MainContent_lbl10\">Sonntag<\/span><\/td>\n\n\n<\/tr>\n\n\n\n\n<tr>\n\n\n<td><span id=\"MainContent_lbl11\">Abends<\/span><\/td>\n\n\n\n\n<td class=\"zeitenoffen\">geschlossen<\/td>\n\n\n\n\n<td class=\"zeitenoffen\">17.30-21.30<\/td>\n\n\n\n\n<td class=\"zeitenzu\">17.30- 21.30<\/td>\n\n\n\n\n<td class=\"zeitenoffen\">17.30- 21.30<\/td>\n\n\n\n\n<td class=\"zeitenoffen\">17.30- 21.30<\/td>\n\n\n\n\n<td class=\"zeitenzu\">17.30- 21:30<\/td>\n\n\n\n\n<td class=\"zeitenzu\">geschlossen<\/td>\n\n\n<\/tr>\n\n\n<\/tbody>\n\n\n<\/table>\n\n\n--><\/p>\n<div class=\"su-row\"><\/div>\u200b<div class=\"su-column su-column-size-1-2\"><div class=\"su-column-inner su-u-clearfix su-u-trim\"><\/div><\/div>\n<div class=\"shariff shariff-align-flex-start shariff-widget-align-flex-start\"><div class=\"ShariffHeadline\">Teilen Sie diesen Beitrag datenschutzkonform<\/div><ul class=\"shariff-buttons theme-round orientation-horizontal buttonsize-medium\"><li class=\"shariff-button facebook shariff-nocustomcolor\" style=\"background-color:#4273c8\"><a href=\"https:\/\/www.facebook.com\/sharer\/sharer.php?u=https%3A%2F%2Fbfs-linie.de%2Ffr%2Fgroupes%2F\" title=\"Envoyer par Facebook\" aria-label=\"Envoyer par Facebook\" role=\"button\" rel=\"nofollow\" class=\"shariff-link\" style=\"; background-color:#3b5998; color:#fff\" target=\"_blank\"><span class=\"shariff-icon\" style=\"\"><svg width=\"32px\" height=\"20px\" xmlns=\"http:\/\/www.w3.org\/2000\/svg\" viewBox=\"0 0 18 32\"><path fill=\"#3b5998\" d=\"M17.1 0.2v4.7h-2.8q-1.5 0-2.1 0.6t-0.5 1.9v3.4h5.2l-0.7 5.3h-4.5v13.6h-5.5v-13.6h-4.5v-5.3h4.5v-3.9q0-3.3 1.9-5.2t5-1.8q2.6 0 4.1 0.2z\"\/><\/svg><\/span><\/a><\/li><li class=\"shariff-button whatsapp shariff-nocustomcolor\" style=\"background-color:#5cbe4a\"><a href=\"https:\/\/api.whatsapp.com\/send?text=https%3A%2F%2Fbfs-linie.de%2Ffr%2Fgroupes%2F%20Compagnie%20de%20bus%2F%20Groupes\" title=\"Envoyer par Whatsapp\" aria-label=\"Envoyer par Whatsapp\" role=\"button\" rel=\"noopener nofollow\" class=\"shariff-link\" style=\"; background-color:#34af23; color:#fff\" target=\"_blank\"><span class=\"shariff-icon\" style=\"\"><svg width=\"32px\" height=\"20px\" xmlns=\"http:\/\/www.w3.org\/2000\/svg\" viewBox=\"0 0 32 32\"><path fill=\"#34af23\" d=\"M17.6 17.4q0.2 0 1.7 0.8t1.6 0.9q0 0.1 0 0.3 0 0.6-0.3 1.4-0.3 0.7-1.3 1.2t-1.8 0.5q-1 0-3.4-1.1-1.7-0.8-3-2.1t-2.6-3.3q-1.3-1.9-1.3-3.5v-0.1q0.1-1.6 1.3-2.8 0.4-0.4 0.9-0.4 0.1 0 0.3 0t0.3 0q0.3 0 0.5 0.1t0.3 0.5q0.1 0.4 0.6 1.6t0.4 1.3q0 0.4-0.6 1t-0.6 0.8q0 0.1 0.1 0.3 0.6 1.3 1.8 2.4 1 0.9 2.7 1.8 0.2 0.1 0.4 0.1 0.3 0 1-0.9t0.9-0.9zM14 26.9q2.3 0 4.3-0.9t3.6-2.4 2.4-3.6 0.9-4.3-0.9-4.3-2.4-3.6-3.6-2.4-4.3-0.9-4.3 0.9-3.6 2.4-2.4 3.6-0.9 4.3q0 3.6 2.1 6.6l-1.4 4.2 4.3-1.4q2.8 1.9 6.2 1.9zM14 2.2q2.7 0 5.2 1.1t4.3 2.9 2.9 4.3 1.1 5.2-1.1 5.2-2.9 4.3-4.3 2.9-5.2 1.1q-3.5 0-6.5-1.7l-7.4 2.4 2.4-7.2q-1.9-3.2-1.9-6.9 0-2.7 1.1-5.2t2.9-4.3 4.3-2.9 5.2-1.1z\"\/><\/svg><\/span><\/a><\/li><li class=\"shariff-button xing shariff-nocustomcolor\" style=\"background-color:#29888a\"><a href=\"https:\/\/www.xing.com\/spi\/shares\/new?url=https%3A%2F%2Fbfs-linie.de%2Ffr%2Fgroupes%2F\" title=\"Envoyer par XING\" aria-label=\"Envoyer par XING\" role=\"button\" rel=\"noopener nofollow\" class=\"shariff-link\" style=\"; background-color:#126567; color:#fff\" target=\"_blank\"><span class=\"shariff-icon\" style=\"\"><svg width=\"32px\" height=\"20px\" xmlns=\"http:\/\/www.w3.org\/2000\/svg\" viewBox=\"0 0 25 32\"><path fill=\"#126567\" d=\"M10.7 11.9q-0.2 0.3-4.6 8.2-0.5 0.8-1.2 0.8h-4.3q-0.4 0-0.5-0.3t0-0.6l4.5-8q0 0 0 0l-2.9-5q-0.2-0.4 0-0.7 0.2-0.3 0.5-0.3h4.3q0.7 0 1.2 0.8zM25.1 0.4q0.2 0.3 0 0.7l-9.4 16.7 6 11q0.2 0.4 0 0.6-0.2 0.3-0.6 0.3h-4.3q-0.7 0-1.2-0.8l-6-11.1q0.3-0.6 9.5-16.8 0.4-0.8 1.2-0.8h4.3q0.4 0 0.5 0.3z\"\/><\/svg><\/span><\/a><\/li><li class=\"shariff-button twitter shariff-nocustomcolor\" style=\"background-color:#595959\"><a href=\"https:\/\/twitter.com\/share?url=https%3A%2F%2Fbfs-linie.de%2Ffr%2Fgroupes%2F&text=Compagnie%20de%20bus%2F%20Groupes\" title=\"Envoyer par X\" aria-label=\"Envoyer par X\" role=\"button\" rel=\"noopener nofollow\" class=\"shariff-link\" style=\"; background-color:#000; color:#fff\" target=\"_blank\"><span class=\"shariff-icon\" style=\"\"><svg width=\"32px\" height=\"20px\" xmlns=\"http:\/\/www.w3.org\/2000\/svg\" viewBox=\"0 0 24 24\"><path fill=\"#000\" d=\"M14.258 10.152L23.176 0h-2.113l-7.747 8.813L7.133 0H0l9.352 13.328L0 23.973h2.113l8.176-9.309 6.531 9.309h7.133zm-2.895 3.293l-.949-1.328L2.875 1.56h3.246l6.086 8.523.945 1.328 7.91 11.078h-3.246zm0 0\"\/><\/svg><\/span><\/a><\/li><li class=\"shariff-button linkedin shariff-nocustomcolor\" style=\"background-color:#1488bf\"><a href=\"https:\/\/www.linkedin.com\/sharing\/share-offsite\/?url=https%3A%2F%2Fbfs-linie.de%2Ffr%2Fgroupes%2F\" title=\"Envoyer par LinkedIn\" aria-label=\"Envoyer par LinkedIn\" role=\"button\" rel=\"noopener nofollow\" class=\"shariff-link\" style=\"; background-color:#0077b5; color:#fff\" target=\"_blank\"><span class=\"shariff-icon\" style=\"\"><svg width=\"32px\" height=\"20px\" xmlns=\"http:\/\/www.w3.org\/2000\/svg\" viewBox=\"0 0 27 32\"><path fill=\"#0077b5\" d=\"M6.2 11.2v17.7h-5.9v-17.7h5.9zM6.6 5.7q0 1.3-0.9 2.2t-2.4 0.9h0q-1.5 0-2.4-0.9t-0.9-2.2 0.9-2.2 2.4-0.9 2.4 0.9 0.9 2.2zM27.4 18.7v10.1h-5.9v-9.5q0-1.9-0.7-2.9t-2.3-1.1q-1.1 0-1.9 0.6t-1.2 1.5q-0.2 0.5-0.2 1.4v9.9h-5.9q0-7.1 0-11.6t0-5.3l0-0.9h5.9v2.6h0q0.4-0.6 0.7-1t1-0.9 1.6-0.8 2-0.3q3 0 4.9 2t1.9 6z\"\/><\/svg><\/span><\/a><\/li><\/ul><\/div>","protected":false},"excerpt":{"rendered":"<p>Vous \u00eates une compagnie de bus ou un groupe \u00e0 partir de 30 personnes et vous cherchez la bonne excursion ? Nous avons suffisamment de place pour des groupes de 30 \u00e0 200 personnes. Nous pouvons \u00e9galement vous proposer des trajets en dehors de notre programme 2026. Pour des conditions sp\u00e9ciales et des trajets sp\u00e9ciaux &hellip; <\/p>\n<p class=\"link-more\"><a href=\"https:\/\/bfs-linie.de\/fr\/groupes\/\" class=\"more-link\">Continuer la lecture<span class=\"screen-reader-text\"> de &laquo;&nbsp;Compagnie de bus\/ Groupes&nbsp;&raquo;<\/span><\/a><\/p>\n","protected":false},"author":2,"featured_media":0,"parent":0,"menu_order":0,"comment_status":"closed","ping_status":"closed","template":"","meta":{"footnotes":""},"class_list":["post-1486","page","type-page","status-publish","hentry"],"_links":{"self":[{"href":"https:\/\/bfs-linie.de\/fr\/wp-json\/wp\/v2\/pages\/1486"}],"collection":[{"href":"https:\/\/bfs-linie.de\/fr\/wp-json\/wp\/v2\/pages"}],"about":[{"href":"https:\/\/bfs-linie.de\/fr\/wp-json\/wp\/v2\/types\/page"}],"author":[{"embeddable":true,"href":"https:\/\/bfs-linie.de\/fr\/wp-json\/wp\/v2\/users\/2"}],"replies":[{"embeddable":true,"href":"https:\/\/bfs-linie.de\/fr\/wp-json\/wp\/v2\/comments?post=1486"}],"version-history":[{"count":28,"href":"https:\/\/bfs-linie.de\/fr\/wp-json\/wp\/v2\/pages\/1486\/revisions"}],"predecessor-version":[{"id":5566,"href":"https:\/\/bfs-linie.de\/fr\/wp-json\/wp\/v2\/pages\/1486\/revisions\/5566"}],"wp:attachment":[{"href":"https:\/\/bfs-linie.de\/fr\/wp-json\/wp\/v2\/media?parent=1486"}],"curies":[{"name":"wp","href":"https:\/\/api.w.org\/{rel}","templated":true}]}}